{"id":12857,"date":"2021-02-16T15:10:22","date_gmt":"2021-02-16T14:10:22","guid":{"rendered":"https:\/\/itreseller.com.pl\/itchampions\/?page_id=12857"},"modified":"2021-03-15T16:38:48","modified_gmt":"2021-03-15T15:38:48","slug":"glosowanie","status":"publish","type":"page","link":"https:\/\/itreseller.pl\/itchampions\/glosowanie\/","title":{"rendered":"G\u0142osowanie"},"content":{"rendered":"\n<div class=\"wpcf7 no-js\" id=\"wpcf7-f12859-o1\" lang=\"pl-PL\" dir=\"ltr\">\n<div class=\"screen-reader-response\"><p role=\"status\" aria-live=\"polite\" aria-atomic=\"true\"><\/p> <ul><\/ul><\/div>\n<form action=\"\/itchampions\/wp-json\/wp\/v2\/pages\/12857#wpcf7-f12859-o1\" method=\"post\" class=\"wpcf7-form init\" aria-label=\"Formularz kontaktowy\" novalidate=\"novalidate\" data-status=\"init\">\n<div style=\"display: none;\">\n<input type=\"hidden\" name=\"_wpcf7\" value=\"12859\" \/>\n<input type=\"hidden\" name=\"_wpcf7_version\" value=\"5.7.5.1\" \/>\n<input type=\"hidden\" name=\"_wpcf7_locale\" value=\"pl_PL\" \/>\n<input type=\"hidden\" name=\"_wpcf7_unit_tag\" value=\"wpcf7-f12859-o1\" \/>\n<input type=\"hidden\" name=\"_wpcf7_container_post\" value=\"0\" \/>\n<input type=\"hidden\" name=\"_wpcf7_posted_data_hash\" value=\"\" \/>\n<input type=\"hidden\" name=\"_wpcf7cf_hidden_group_fields\" value=\"[]\" \/>\n<input type=\"hidden\" name=\"_wpcf7cf_hidden_groups\" value=\"[]\" \/>\n<input type=\"hidden\" name=\"_wpcf7cf_visible_groups\" value=\"[]\" \/>\n<input type=\"hidden\" name=\"_wpcf7cf_repeaters\" value=\"[]\" \/>\n<input type=\"hidden\" name=\"_wpcf7cf_steps\" value=\"{}\" \/>\n<input type=\"hidden\" name=\"_wpcf7cf_options\" value=\"{&quot;form_id&quot;:12859,&quot;conditions&quot;:[{&quot;then_field&quot;:&quot;group-116&quot;,&quot;and_rules&quot;:[{&quot;if_field&quot;:&quot;checkbox-529&quot;,&quot;operator&quot;:&quot;equals&quot;,&quot;if_value&quot;:&quot;Dodaj w\\u0142asn\\u0105 kategori\\u0119 \\\/ wska\\u017c swojego faworyta&quot;}]}],&quot;settings&quot;:{&quot;animation&quot;:&quot;yes&quot;,&quot;animation_intime&quot;:200,&quot;animation_outtime&quot;:200,&quot;conditions_ui&quot;:&quot;normal&quot;,&quot;notice_dismissed&quot;:true}}\" \/>\n<\/div>\n<div class=\"half halffour\">\n\t<h4>PRODUCENCI \/ DOSTAWCY\n\t<\/h4>\n\t<p>Notebooki<br \/>\n<span class=\"wpcf7-form-control-wrap\" data-name=\"prod1\"><input size=\"40\" class=\"wpcf7-form-control wpcf7-text\" aria-invalid=\"false\" placeholder=\"Wpisz swojego faworyta\" value=\"\" type=\"text\" name=\"prod1\" \/><\/span>\n\t<\/p>\n\t<p>Stacje Robocze i Komputery PC<br \/>\n<span class=\"wpcf7-form-control-wrap\" data-name=\"prod4\"><input size=\"40\" class=\"wpcf7-form-control wpcf7-text\" aria-invalid=\"false\" placeholder=\"Wpisz swojego faworyta\" value=\"\" type=\"text\" name=\"prod4\" \/><\/span>\n\t<\/p>\n\t<p>Procesory i Podzespo\u0142y PC<br \/>\n<span class=\"wpcf7-form-control-wrap\" data-name=\"prod6\"><input size=\"40\" class=\"wpcf7-form-control wpcf7-text\" aria-invalid=\"false\" placeholder=\"Wpisz swojego faworyta\" value=\"\" type=\"text\" name=\"prod6\" \/><\/span>\n\t<\/p>\n\t<p>Peryferia i Akcesoria<br \/>\n<span class=\"wpcf7-form-control-wrap\" data-name=\"prod5\"><input size=\"40\" class=\"wpcf7-form-control wpcf7-text\" aria-invalid=\"false\" placeholder=\"Wpisz swojego faworyta\" value=\"\" type=\"text\" name=\"prod5\" \/><\/span>\n\t<\/p>\n\t<p>Urz\u0105dzenia mobilne<br \/>\n<span class=\"wpcf7-form-control-wrap\" data-name=\"prod2\"><input size=\"40\" class=\"wpcf7-form-control wpcf7-text\" aria-invalid=\"false\" placeholder=\"Wpisz swojego faworyta\" value=\"\" type=\"text\" name=\"prod2\" \/><\/span>\n\t<\/p>\n\t<p>E-Sport i Gaming<br \/>\n<span class=\"wpcf7-form-control-wrap\" data-name=\"prod12\"><input size=\"40\" class=\"wpcf7-form-control wpcf7-text\" aria-invalid=\"false\" placeholder=\"Wpisz swojego faworyta\" value=\"\" type=\"text\" name=\"prod12\" \/><\/span>\n\t<\/p>\n\t<p>Druk Laserowy<br \/>\n<span class=\"wpcf7-form-control-wrap\" data-name=\"prod13\"><input size=\"40\" class=\"wpcf7-form-control wpcf7-text\" aria-invalid=\"false\" placeholder=\"Wpisz swojego faworyta\" value=\"\" type=\"text\" name=\"prod13\" \/><\/span>\n\t<\/p>\n\t<p>Druk Atramentowy<br \/>\n<span class=\"wpcf7-form-control-wrap\" data-name=\"prod10\"><input size=\"40\" class=\"wpcf7-form-control wpcf7-text\" aria-invalid=\"false\" placeholder=\"Wpisz swojego faworyta\" value=\"\" type=\"text\" name=\"prod10\" \/><\/span>\n\t<\/p>\n\t<p>Rozwi\u0105zania dla Administracji<br \/>\n<span class=\"wpcf7-form-control-wrap\" data-name=\"prod9\"><input size=\"40\" class=\"wpcf7-form-control wpcf7-text\" aria-invalid=\"false\" placeholder=\"Wpisz swojego faworyta\" value=\"\" type=\"text\" name=\"prod9\" \/><\/span>\n\t<\/p>\n\t<p>Rozwi\u0105zania dla Biznesu<br \/>\n<span class=\"wpcf7-form-control-wrap\" data-name=\"prod333\"><input size=\"40\" class=\"wpcf7-form-control wpcf7-text\" aria-invalid=\"false\" placeholder=\"Wpisz swojego faworyta\" value=\"\" type=\"text\" name=\"prod333\" \/><\/span>\n\t<\/p>\n\t<p>Rozwi\u0105zania dla Edukacji<br \/>\n<span class=\"wpcf7-form-control-wrap\" data-name=\"prod3333\"><input size=\"40\" class=\"wpcf7-form-control wpcf7-text\" aria-invalid=\"false\" placeholder=\"Wpisz swojego faworyta\" value=\"\" type=\"text\" name=\"prod3333\" \/><\/span>\n\t<\/p>\n\t<p>Digital Signage<br \/>\n<span class=\"wpcf7-form-control-wrap\" data-name=\"prod3334\"><input size=\"40\" class=\"wpcf7-form-control wpcf7-text\" aria-invalid=\"false\" placeholder=\"Wpisz swojego faworyta\" value=\"\" type=\"text\" name=\"prod3334\" \/><\/span>\n\t<\/p>\n<\/div>\n<div class=\"half-r halffour\">\n\t<h4 style=\"margin-top:50px;\">SIE\u0106 I TELEKOMUNIKACJA\n\t<\/h4>\n\t<p>Cyberbezpiecze\u0144stwo<br \/>\n<span class=\"wpcf7-form-control-wrap\" data-name=\"prod444\"><input size=\"40\" class=\"wpcf7-form-control wpcf7-text\" aria-invalid=\"false\" placeholder=\"Wpisz swojego faworyta\" value=\"\" type=\"text\" name=\"prod444\" \/><\/span>\n\t<\/p>\n\t<p>Chmura i Infrastruktura IT<br \/>\n<span class=\"wpcf7-form-control-wrap\" data-name=\"prod555\"><input size=\"40\" class=\"wpcf7-form-control wpcf7-text\" aria-invalid=\"false\" placeholder=\"Wpisz swojego faworyta\" value=\"\" type=\"text\" name=\"prod555\" \/><\/span>\n\t<\/p>\n\t<p>Serwery i Systemy<br \/>\n<span class=\"wpcf7-form-control-wrap\" data-name=\"prod666\"><input size=\"40\" class=\"wpcf7-form-control wpcf7-text\" aria-invalid=\"false\" placeholder=\"Wpisz swojego faworyta\" value=\"\" type=\"text\" name=\"prod666\" \/><\/span>\n\t<\/p>\n\t<p>Systemy zasilania<br \/>\n<span class=\"wpcf7-form-control-wrap\" data-name=\"syszas111\"><input size=\"40\" class=\"wpcf7-form-control wpcf7-text\" aria-invalid=\"false\" placeholder=\"Wpisz swojego faworyta\" value=\"\" type=\"text\" name=\"syszas111\" \/><\/span>\n\t<\/p>\n\t<p>Bezpiecze\u0144stwo Data Center<br \/>\n<span class=\"wpcf7-form-control-wrap\" data-name=\"syszas222\"><input size=\"40\" class=\"wpcf7-form-control wpcf7-text\" aria-invalid=\"false\" placeholder=\"Wpisz swojego faworyta\" value=\"\" type=\"text\" name=\"syszas222\" \/><\/span>\n\t<\/p>\n\t<p>Storage i Backup<br \/>\n<span class=\"wpcf7-form-control-wrap\" data-name=\"prod11\"><input size=\"40\" class=\"wpcf7-form-control wpcf7-text\" aria-invalid=\"false\" placeholder=\"Wpisz swojego faworyta\" value=\"\" type=\"text\" name=\"prod11\" \/><\/span>\n\t<\/p>\n\t<p>Us\u0142ugi hostingowe<br \/>\n<span class=\"wpcf7-form-control-wrap\" data-name=\"prod777\"><input size=\"40\" class=\"wpcf7-form-control wpcf7-text\" aria-invalid=\"false\" placeholder=\"Wpisz swojego faworyta\" value=\"\" type=\"text\" name=\"prod777\" \/><\/span>\n\t<\/p>\n\t<p>Networking i Rozwi\u0105zania Sieciowe<br \/>\n<span class=\"wpcf7-form-control-wrap\" data-name=\"prod15\"><input size=\"40\" class=\"wpcf7-form-control wpcf7-text\" aria-invalid=\"false\" placeholder=\"Wpisz swojego faworyta\" value=\"\" type=\"text\" name=\"prod15\" \/><\/span>\n\t<\/p>\n\t<p>Operator Telekomunikacyjny<br \/>\n<span class=\"wpcf7-form-control-wrap\" data-name=\"prod411\"><input size=\"40\" class=\"wpcf7-form-control wpcf7-text\" aria-invalid=\"false\" placeholder=\"Wpisz swojego faworyta\" value=\"\" type=\"text\" name=\"prod411\" \/><\/span>\n\t<\/p>\n\t<p>ICT \u2013 Telekomunikacja i 5G<br \/>\n<span class=\"wpcf7-form-control-wrap\" data-name=\"prod3\"><input size=\"40\" class=\"wpcf7-form-control wpcf7-text\" aria-invalid=\"false\" placeholder=\"Wpisz swojego faworyta\" value=\"\" type=\"text\" name=\"prod3\" \/><\/span>\n\t<\/p>\n\t<p>Champion Transformacji Cyfrowej<br \/>\n<span class=\"wpcf7-form-control-wrap\" data-name=\"prod422\"><input size=\"40\" class=\"wpcf7-form-control wpcf7-text\" aria-invalid=\"false\" placeholder=\"Wpisz swojego faworyta\" value=\"\" type=\"text\" name=\"prod422\" \/><\/span>\n\t<\/p>\n\t<p>Champion Pracy Zdalnej<br \/>\n<span class=\"wpcf7-form-control-wrap\" data-name=\"prod17\"><input size=\"40\" class=\"wpcf7-form-control wpcf7-text\" aria-invalid=\"false\" placeholder=\"Wpisz swojego faworyta\" value=\"\" type=\"text\" name=\"prod17\" \/><\/span>\n\t<\/p>\n\t<p>Champion Innowacji<br \/>\n<span class=\"wpcf7-form-control-wrap\" data-name=\"prod1771\"><input size=\"40\" class=\"wpcf7-form-control wpcf7-text\" aria-invalid=\"false\" placeholder=\"Wpisz swojego faworyta\" value=\"\" type=\"text\" name=\"prod1771\" \/><\/span>\n\t<\/p>\n\t<p>Producent Roku<br \/>\n<span class=\"wpcf7-form-control-wrap\" data-name=\"prod1772\"><input size=\"40\" class=\"wpcf7-form-control wpcf7-text\" aria-invalid=\"false\" placeholder=\"Wpisz swojego faworyta\" value=\"\" type=\"text\" name=\"prod1772\" \/><\/span>\n\t<\/p>\n<\/div>\n<div class=\"half hdys\">\n\t<h4 style=\"margin-top:50px;\">DYSTRYBYCJA I KANA\u0141 PARTNERSKI\n\t<\/h4>\n\t<p>Dystrybutor Roku<br \/>\n<span class=\"wpcf7-form-control-wrap\" data-name=\"pdys1\"><input size=\"40\" class=\"wpcf7-form-control wpcf7-text\" aria-invalid=\"false\" placeholder=\"Wpisz swojego faworyta\" value=\"\" type=\"text\" name=\"pdys1\" \/><\/span>\n\t<\/p>\n\t<p>Dystrybutor VAD<br \/>\n<span class=\"wpcf7-form-control-wrap\" data-name=\"pdys2\"><input size=\"40\" class=\"wpcf7-form-control wpcf7-text\" aria-invalid=\"false\" placeholder=\"Wpisz swojego faworyta\" value=\"\" type=\"text\" name=\"pdys2\" \/><\/span>\n\t<\/p>\n\t<p>Dystrybutor specjalizowany<br \/>\n<span class=\"wpcf7-form-control-wrap\" data-name=\"pdys3\"><input size=\"40\" class=\"wpcf7-form-control wpcf7-text\" aria-invalid=\"false\" placeholder=\"Wpisz swojego faworyta\" value=\"\" type=\"text\" name=\"pdys3\" \/><\/span>\n\t<\/p>\n\t<p>Champion Szkole\u0144 i Edukacji<br \/>\n<span class=\"wpcf7-form-control-wrap\" data-name=\"pdys31\"><input size=\"40\" class=\"wpcf7-form-control wpcf7-text\" aria-invalid=\"false\" placeholder=\"Wpisz swojego faworyta\" value=\"\" type=\"text\" name=\"pdys31\" \/><\/span>\n\t<\/p>\n\t<p>Najlepszy Program Partnerski<br \/>\n<span class=\"wpcf7-form-control-wrap\" data-name=\"pdys3111\"><input size=\"40\" class=\"wpcf7-form-control wpcf7-text\" aria-invalid=\"false\" placeholder=\"Wpisz swojego faworyta\" value=\"\" type=\"text\" name=\"pdys3111\" \/><\/span>\n\t<\/p>\n\t<p>Partner Biznesowy Roku<br \/>\n<span class=\"wpcf7-form-control-wrap\" data-name=\"pdys3112\"><input size=\"40\" class=\"wpcf7-form-control wpcf7-text\" aria-invalid=\"false\" placeholder=\"Wpisz swojego faworyta\" value=\"\" type=\"text\" name=\"pdys3112\" \/><\/span>\n\t<\/p>\n\t<p>Dyrektor Sprzeda\u017cy i Marketingu<br \/>\n<span class=\"wpcf7-form-control-wrap\" data-name=\"pdys3113\"><input size=\"40\" class=\"wpcf7-form-control wpcf7-text\" aria-invalid=\"false\" placeholder=\"Wpisz swojego faworyta\" value=\"\" type=\"text\" name=\"pdys3113\" \/><\/span>\n\t<\/p>\n\t<p>Szef Kana\u0142u Partnerskiego<br \/>\n<span class=\"wpcf7-form-control-wrap\" data-name=\"pdys3114\"><input size=\"40\" class=\"wpcf7-form-control wpcf7-text\" aria-invalid=\"false\" placeholder=\"Wpisz swojego faworyta\" value=\"\" type=\"text\" name=\"pdys3114\" \/><\/span>\n\t<\/p>\n\t<p>Szef Kana\u0142u Dystrybucyjnego<br \/>\n<span class=\"wpcf7-form-control-wrap\" data-name=\"pdys3115\"><input size=\"40\" class=\"wpcf7-form-control wpcf7-text\" aria-invalid=\"false\" placeholder=\"Wpisz swojego faworyta\" value=\"\" type=\"text\" name=\"pdys3115\" \/><\/span>\n\t<\/p>\n<\/div>\n<div class=\"half hdys12\">\n\t<h4 style=\"margin-top:50px;\">NAGRODY SPECJALNE\n\t<\/h4>\n\t<p>Nagroda specjalna - CSR<br \/>\n<span class=\"wpcf7-form-control-wrap\" data-name=\"pdys31155\"><input size=\"40\" class=\"wpcf7-form-control wpcf7-text\" aria-invalid=\"false\" placeholder=\"Wpisz swojego faworyta\" value=\"\" type=\"text\" name=\"pdys31155\" \/><\/span>\n\t<\/p>\n\t<p>Osobowo\u015b\u0107 Bran\u017cy<br \/>\n<span class=\"wpcf7-form-control-wrap\" data-name=\"pdys31166\"><input size=\"40\" class=\"wpcf7-form-control wpcf7-text\" aria-invalid=\"false\" placeholder=\"Wpisz swojego faworyta\" value=\"\" type=\"text\" name=\"pdys31166\" \/><\/span>\n\t<\/p>\n<\/div>\n<p><span class=\"wpcf7-form-control-wrap\" data-name=\"checkbox-529\"><span class=\"wpcf7-form-control wpcf7-checkbox wpcf7-exclusive-checkbox\"><span class=\"wpcf7-list-item first last\"><label><input type=\"checkbox\" name=\"checkbox-529\" value=\"Dodaj w\u0142asn\u0105 kategori\u0119 \/ wska\u017c swojego faworyta\" \/><span class=\"wpcf7-list-item-label\">Dodaj w\u0142asn\u0105 kategori\u0119 \/ wska\u017c swojego faworyta<\/span><\/label><\/span><\/span><\/span>\n<\/p>\n<div data-id=\"group-116\" data-orig_data_id=\"group-116\"  data-class=\"wpcf7cf_group\">\n\t<div class=\"qpcgrp\">\n\t\t<p><span class=\"wpcf7-form-control-wrap\" data-name=\"dod1111\"><input size=\"40\" class=\"wpcf7-form-control wpcf7-text\" aria-invalid=\"false\" placeholder=\"Wpisz nazw\u0119 kategorii\" value=\"\" type=\"text\" name=\"dod1111\" \/><\/span><br \/>\n<span class=\"wpcf7-form-control-wrap\" data-name=\"dod2222\"><input size=\"40\" class=\"wpcf7-form-control wpcf7-text\" aria-invalid=\"false\" placeholder=\"Wpisz swojego faworyta\" value=\"\" type=\"text\" name=\"dod2222\" \/><\/span>\n\t\t<\/p>\n\t<\/div>\n<\/div>\n<div class=\"anch-form\">\n\t<div class=\"subform\">\n\t\t<h3>WY\u015aLIJ SW\u00d3J G\u0141OS\n\t\t<\/h3>\n\t\t<div class=\"subinput\">\n\t\t\t<p>Imi\u0119 i nazwisko*<br \/>\n<span class=\"wpcf7-form-control-wrap\" data-name=\"imieinaz\"><input size=\"40\" class=\"wpcf7-form-control wpcf7-text wpcf7-validates-as-required\" aria-required=\"true\" aria-invalid=\"false\" value=\"\" type=\"text\" name=\"imieinaz\" \/><\/span>\n\t\t\t<\/p>\n\t\t\t<p>Firma<br \/>\n<span class=\"wpcf7-form-control-wrap\" data-name=\"firmaform\"><input size=\"40\" class=\"wpcf7-form-control wpcf7-text\" aria-invalid=\"false\" value=\"\" type=\"text\" name=\"firmaform\" \/><\/span>\n\t\t\t<\/p>\n\t\t\t<p>Email*<br \/>\n<span class=\"wpcf7-form-control-wrap\" data-name=\"email-216\"><input size=\"40\" class=\"wpcf7-form-control wpcf7-text wpcf7-email wpcf7-validates-as-required wpcf7-validates-as-email\" aria-required=\"true\" aria-invalid=\"false\" value=\"\" type=\"email\" name=\"email-216\" \/><\/span>\n\t\t\t<\/p>\n\t\t<\/div>\n\t\t<div class=\"term-con\">\n\t\t\t<p><span class=\"wpcf7-form-control-wrap\" data-name=\"acceptance-671\"><span class=\"wpcf7-form-control wpcf7-acceptance optional\"><span class=\"wpcf7-list-item\"><label><input type=\"checkbox\" name=\"acceptance-671\" value=\"1\" class=\"itch-con\" aria-invalid=\"false\" \/><span class=\"wpcf7-list-item-label\">Akceptuj\u0119 <a href=\"https:\/\/itreseller.pl\/itchampions\/regulamin\">regulamin<\/a><\/span><\/label><\/span><\/span><\/span>\n\t\t\t<\/p>\n\t\t<\/div>\n\t\t<p><input class=\"wpcf7-form-control has-spinner wpcf7-submit\" type=\"submit\" value=\"WY\u015aLIJ ZG\u0141OSZENIE\" \/>\n\t\t<\/p>\n\t<\/div>\n<\/div><div class=\"wpcf7-response-output\" aria-hidden=\"true\"><\/div>\n<\/form>\n<\/div>\n\n","protected":false},"excerpt":{"rendered":"PRODUCENCI \/ DOSTAWCY Notebooki Stacje Robocze i Komputery PC Procesory i Podzespo\u0142y PC Peryferia i Akcesoria Urz\u0105dzenia mobilne E-Sport i Gaming Druk Laserowy Druk Atramentowy Rozwi\u0105zania dla Administracji Rozwi\u0105zania dla Biznesu Rozwi\u0105zania dla Edukacji Digital Signage SIE\u0106 I TELEKOMUNIKACJA Cyberbezpiecze\u0144stwo Chmura i Infrastruktura IT Serwery...","protected":false},"author":1,"featured_media":0,"parent":0,"menu_order":0,"comment_status":"closed","ping_status":"closed","template":"","meta":{"footnotes":""},"class_list":["post-12857","page","type-page","status-publish","hentry"],"yoast_head":"<!-- This site is optimized with the Yoast SEO plugin v20.5 - https:\/\/yoast.com\/wordpress\/plugins\/seo\/ -->\n<title>G\u0142osowanie - ITChampions<\/title>\n<meta name=\"robots\" content=\"index, follow, max-snippet:-1, max-image-preview:large, max-video-preview:-1\" \/>\n<link rel=\"canonical\" href=\"https:\/\/itreseller.pl\/itchampions\/glosowanie\/\" \/>\n<meta property=\"og:locale\" content=\"pl_PL\" \/>\n<meta property=\"og:type\" content=\"article\" \/>\n<meta property=\"og:title\" content=\"G\u0142osowanie - ITChampions\" \/>\n<meta property=\"og:url\" content=\"https:\/\/itreseller.pl\/itchampions\/glosowanie\/\" \/>\n<meta property=\"og:site_name\" content=\"ITChampions\" \/>\n<meta property=\"article:modified_time\" content=\"2021-03-15T15:38:48+00:00\" \/>\n<meta name=\"twitter:card\" content=\"summary_large_image\" \/>\n<script type=\"application\/ld+json\" class=\"yoast-schema-graph\">{\"@context\":\"https:\/\/schema.org\",\"@graph\":[{\"@type\":\"WebPage\",\"@id\":\"https:\/\/itreseller.pl\/itchampions\/glosowanie\/\",\"url\":\"https:\/\/itreseller.pl\/itchampions\/glosowanie\/\",\"name\":\"G\u0142osowanie - ITChampions\",\"isPartOf\":{\"@id\":\"https:\/\/itreseller.pl\/itchampions\/#website\"},\"datePublished\":\"2021-02-16T14:10:22+00:00\",\"dateModified\":\"2021-03-15T15:38:48+00:00\",\"breadcrumb\":{\"@id\":\"https:\/\/itreseller.pl\/itchampions\/glosowanie\/#breadcrumb\"},\"inLanguage\":\"pl-PL\",\"potentialAction\":[{\"@type\":\"ReadAction\",\"target\":[\"https:\/\/itreseller.pl\/itchampions\/glosowanie\/\"]}]},{\"@type\":\"BreadcrumbList\",\"@id\":\"https:\/\/itreseller.pl\/itchampions\/glosowanie\/#breadcrumb\",\"itemListElement\":[{\"@type\":\"ListItem\",\"position\":1,\"name\":\"Strona g\u0142\u00f3wna\",\"item\":\"https:\/\/itreseller.pl\/itchampions\/\"},{\"@type\":\"ListItem\",\"position\":2,\"name\":\"G\u0142osowanie\"}]},{\"@type\":\"WebSite\",\"@id\":\"https:\/\/itreseller.pl\/itchampions\/#website\",\"url\":\"https:\/\/itreseller.pl\/itchampions\/\",\"name\":\"ITChampions\",\"description\":\"Mistrzowie nowych technologii\",\"potentialAction\":[{\"@type\":\"SearchAction\",\"target\":{\"@type\":\"EntryPoint\",\"urlTemplate\":\"https:\/\/itreseller.pl\/itchampions\/?s={search_term_string}\"},\"query-input\":\"required name=search_term_string\"}],\"inLanguage\":\"pl-PL\"}]}<\/script>\n<!-- \/ Yoast SEO plugin. -->","yoast_head_json":{"title":"G\u0142osowanie - ITChampions","robots":{"index":"index","follow":"follow","max-snippet":"max-snippet:-1","max-image-preview":"max-image-preview:large","max-video-preview":"max-video-preview:-1"},"canonical":"https:\/\/itreseller.pl\/itchampions\/glosowanie\/","og_locale":"pl_PL","og_type":"article","og_title":"G\u0142osowanie - ITChampions","og_url":"https:\/\/itreseller.pl\/itchampions\/glosowanie\/","og_site_name":"ITChampions","article_modified_time":"2021-03-15T15:38:48+00:00","twitter_card":"summary_large_image","schema":{"@context":"https:\/\/schema.org","@graph":[{"@type":"WebPage","@id":"https:\/\/itreseller.pl\/itchampions\/glosowanie\/","url":"https:\/\/itreseller.pl\/itchampions\/glosowanie\/","name":"G\u0142osowanie - ITChampions","isPartOf":{"@id":"https:\/\/itreseller.pl\/itchampions\/#website"},"datePublished":"2021-02-16T14:10:22+00:00","dateModified":"2021-03-15T15:38:48+00:00","breadcrumb":{"@id":"https:\/\/itreseller.pl\/itchampions\/glosowanie\/#breadcrumb"},"inLanguage":"pl-PL","potentialAction":[{"@type":"ReadAction","target":["https:\/\/itreseller.pl\/itchampions\/glosowanie\/"]}]},{"@type":"BreadcrumbList","@id":"https:\/\/itreseller.pl\/itchampions\/glosowanie\/#breadcrumb","itemListElement":[{"@type":"ListItem","position":1,"name":"Strona g\u0142\u00f3wna","item":"https:\/\/itreseller.pl\/itchampions\/"},{"@type":"ListItem","position":2,"name":"G\u0142osowanie"}]},{"@type":"WebSite","@id":"https:\/\/itreseller.pl\/itchampions\/#website","url":"https:\/\/itreseller.pl\/itchampions\/","name":"ITChampions","description":"Mistrzowie nowych technologii","potentialAction":[{"@type":"SearchAction","target":{"@type":"EntryPoint","urlTemplate":"https:\/\/itreseller.pl\/itchampions\/?s={search_term_string}"},"query-input":"required name=search_term_string"}],"inLanguage":"pl-PL"}]}},"_links":{"self":[{"href":"https:\/\/itreseller.pl\/itchampions\/wp-json\/wp\/v2\/pages\/12857","targetHints":{"allow":["GET"]}}],"collection":[{"href":"https:\/\/itreseller.pl\/itchampions\/wp-json\/wp\/v2\/pages"}],"about":[{"href":"https:\/\/itreseller.pl\/itchampions\/wp-json\/wp\/v2\/types\/page"}],"author":[{"embeddable":true,"href":"https:\/\/itreseller.pl\/itchampions\/wp-json\/wp\/v2\/users\/1"}],"replies":[{"embeddable":true,"href":"https:\/\/itreseller.pl\/itchampions\/wp-json\/wp\/v2\/comments?post=12857"}],"version-history":[{"count":2,"href":"https:\/\/itreseller.pl\/itchampions\/wp-json\/wp\/v2\/pages\/12857\/revisions"}],"predecessor-version":[{"id":12860,"href":"https:\/\/itreseller.pl\/itchampions\/wp-json\/wp\/v2\/pages\/12857\/revisions\/12860"}],"wp:attachment":[{"href":"https:\/\/itreseller.pl\/itchampions\/wp-json\/wp\/v2\/media?parent=12857"}],"curies":[{"name":"wp","href":"https:\/\/api.w.org\/{rel}","templated":true}]}}