{"id":12870,"date":"2021-02-16T15:26:58","date_gmt":"2021-02-16T14:26:58","guid":{"rendered":"https:\/\/itreseller.com.pl\/itchampions\/?page_id=12870"},"modified":"2023-04-11T11:28:14","modified_gmt":"2023-04-11T09:28:14","slug":"kontakt","status":"publish","type":"page","link":"https:\/\/itreseller.pl\/itchampions\/kontakt\/","title":{"rendered":"Kontakt"},"content":{"rendered":"<p>[vc_row content_width=&#8221;grid&#8221; css=&#8221;.vc_custom_1615822885851{padding-bottom: 80px !important;}&#8221;][vc_column width=&#8221;1\/2&#8243;]<div class=\"edgtf-title-section-holder\">\n\t\t\t<h2 class=\"edgtf-title-with-dots\" >\n\t\t\tMIEJSCE GALI\t\t<\/h2>\n\t\t<span class=\"edge-title-separator edge-enable-separator\" ><\/span>\n\n\t<\/div>[vc_column_text el_class=&#8221;bel-con-title&#8221;]<span style=\"font-weight: 400;\">Gala odb\u0119dzie si\u0119 w Hotelu Raffles Europejski w Warszawie. Obowi\u0105zuj\u0105 zaproszenia.<\/span>[\/vc_column_text][vc_empty_space height=&#8221;40px&#8221;][vc_raw_html]JTNDaWZyYW1lJTIwc3JjJTNEJTIyaHR0cHMlM0ElMkYlMkZ3d3cuZ29vZ2xlLmNvbSUyRm1hcHMlMkZlbWJlZCUzRnBiJTNEJTIxMW0xOCUyMTFtMTIlMjExbTMlMjExZDI0NDMuMDkxNjA5OTg0MTI1NiUyMTJkMjEuMDEyNDM5MDUxMzMyNzg0JTIxM2Q1Mi4yNDE3MTk2NjQ0NjgwNyUyMTJtMyUyMTFmMCUyMTJmMCUyMTNmMCUyMTNtMiUyMTFpMTAyNCUyMTJpNzY4JTIxNGYxMy4xJTIxM20zJTIxMW0yJTIxMXMweDQ3MWVjZDhmNmNlODM3YTUlMjUzQTB4NWY4NDUxMDUxNGViYjRiMiUyMTJzUmFmZmxlcyUyNTIwRXVyb3BlanNraSUyNTIwV2Fyc3phd2ElMjE1ZTAlMjEzbTIlMjExc3BsJTIxMnNwbCUyMTR2MTY4MTIwNTI1NzAxOSUyMTVtMiUyMTFzcGwlMjEyc3BsJTIyJTIwd2lkdGglM0QlMjI2MDAlMjIlMjBoZWlnaHQlM0QlMjI0NTAlMjIlMjBzdHlsZSUzRCUyMmJvcmRlciUzQTAlM0IlMjIlMjBhbGxvd2Z1bGxzY3JlZW4lM0QlMjIlMjIlMjBsb2FkaW5nJTNEJTIybGF6eSUyMiUyMHJlZmVycmVycG9saWN5JTNEJTIybm8tcmVmZXJyZXItd2hlbi1kb3duZ3JhZGUlMjIlM0UlM0MlMkZpZnJhbWUlM0U=[\/vc_raw_html][\/vc_column][vc_column width=&#8221;1\/2&#8243;]<div class=\"edgtf-title-section-holder\">\n\t\t\t<h2 class=\"edgtf-title-with-dots\" >\n\t\t\tWI\u0118CEJ INFORMACJI\t\t<\/h2>\n\t\t<span class=\"edge-title-separator edge-enable-separator\" ><\/span>\n\n\t<\/div>[vc_column_text el_class=&#8221;bel-con-title&#8221;]<a href=\"https:\/\/itreseller.pl\/itchampions\/kontakt\/\">Zapraszamy do kontaktu je\u017celi chcesz uzyska\u0107 wi\u0119cej informacji o Gali.<\/a>[\/vc_column_text][vc_empty_space height=&#8221;40px&#8221;]\n<div class=\"wpcf7 no-js\" id=\"wpcf7-f12706-o1\" lang=\"pl-PL\" dir=\"ltr\">\n<div class=\"screen-reader-response\"><p role=\"status\" aria-live=\"polite\" aria-atomic=\"true\"><\/p> <ul><\/ul><\/div>\n<form action=\"\/itchampions\/wp-json\/wp\/v2\/pages\/12870#wpcf7-f12706-o1\" method=\"post\" class=\"wpcf7-form init cf7_custom_style_2\" aria-label=\"Formularz kontaktowy\" novalidate=\"novalidate\" data-status=\"init\">\n<div style=\"display: none;\">\n<input type=\"hidden\" name=\"_wpcf7\" value=\"12706\" \/>\n<input type=\"hidden\" name=\"_wpcf7_version\" value=\"5.7.5.1\" \/>\n<input type=\"hidden\" name=\"_wpcf7_locale\" value=\"pl_PL\" \/>\n<input type=\"hidden\" name=\"_wpcf7_unit_tag\" value=\"wpcf7-f12706-o1\" \/>\n<input type=\"hidden\" name=\"_wpcf7_container_post\" value=\"0\" \/>\n<input type=\"hidden\" name=\"_wpcf7_posted_data_hash\" value=\"\" \/>\n<input type=\"hidden\" name=\"_wpcf7cf_hidden_group_fields\" value=\"[]\" \/>\n<input type=\"hidden\" name=\"_wpcf7cf_hidden_groups\" value=\"[]\" \/>\n<input type=\"hidden\" name=\"_wpcf7cf_visible_groups\" value=\"[]\" \/>\n<input type=\"hidden\" name=\"_wpcf7cf_repeaters\" value=\"[]\" \/>\n<input type=\"hidden\" name=\"_wpcf7cf_steps\" value=\"{}\" \/>\n<input type=\"hidden\" name=\"_wpcf7cf_options\" value=\"{&quot;form_id&quot;:12706,&quot;conditions&quot;:[],&quot;settings&quot;:{&quot;animation&quot;:&quot;yes&quot;,&quot;animation_intime&quot;:200,&quot;animation_outtime&quot;:200,&quot;conditions_ui&quot;:&quot;normal&quot;,&quot;notice_dismissed&quot;:true}}\" \/>\n<\/div>\n<p><label> Imi\u0119 i nazwisko<br \/>\n<span class=\"wpcf7-form-control-wrap\" data-name=\"your-name\"><input size=\"40\" class=\"wpcf7-form-control wpcf7-text wpcf7-validates-as-required\" aria-required=\"true\" aria-invalid=\"false\" value=\"\" type=\"text\" name=\"your-name\" \/><\/span> <\/label>\n<\/p>\n<p><label> Tw\u00f3j email<br \/>\n<span class=\"wpcf7-form-control-wrap\" data-name=\"your-email\"><input size=\"40\" class=\"wpcf7-form-control wpcf7-text wpcf7-email wpcf7-validates-as-required wpcf7-validates-as-email\" aria-required=\"true\" aria-invalid=\"false\" value=\"\" type=\"email\" name=\"your-email\" \/><\/span> <\/label>\n<\/p>\n<p><label> Twoja wiadomo\u015b\u0107<br \/>\n<span class=\"wpcf7-form-control-wrap\" data-name=\"your-message\"><textarea cols=\"40\" rows=\"10\" class=\"wpcf7-form-control wpcf7-textarea\" aria-invalid=\"false\" name=\"your-message\"><\/textarea><\/span> <\/label>\n<\/p>\n<p><input class=\"wpcf7-form-control has-spinner wpcf7-submit\" type=\"submit\" value=\"Wy\u015blij\" \/>\n<\/p><div class=\"wpcf7-response-output\" aria-hidden=\"true\"><\/div>\n<\/form>\n<\/div>\n[\/vc_column][\/vc_row]<\/p>\n","protected":false},"excerpt":{"rendered":"<p>[vc_row content_width=&#8221;grid&#8221; css=&#8221;.vc_custom_1615822885851{padding-bottom: 80px !important;}&#8221;][vc_column width=&#8221;1\/2&#8243;][vc_column_text el_class=&#8221;bel-con-title&#8221;]Gala odb\u0119dzie si\u0119 w Hotelu Raffles Europejski w Warszawie. Obowi\u0105zuj\u0105 zaproszenia.[\/vc_column_text][vc_empty_space height=&#8221;40px&#8221;][vc_raw_html]JTNDaWZyYW1lJTIwc3JjJTNEJTIyaHR0cHMlM0ElMkYlMkZ3d3cuZ29vZ2xlLmNvbSUyRm1hcHMlMkZlbWJlZCUzRnBiJTNEJTIxMW0xOCUyMTFtMTIlMjExbTMlMjExZDI0NDMuMDkxNjA5OTg0MTI1NiUyMTJkMjEuMDEyNDM5MDUxMzMyNzg0JTIxM2Q1Mi4yNDE3MTk2NjQ0NjgwNyUyMTJtMyUyMTFmMCUyMTJmMCUyMTNmMCUyMTNtMiUyMTFpMTAyNCUyMTJpNzY4JTIxNGYxMy4xJTIxM20zJTIxMW0yJTIxMXMweDQ3MWVjZDhmNmNlODM3YTUlMjUzQTB4NWY4NDUxMDUxNGViYjRiMiUyMTJzUmFmZmxlcyUyNTIwRXVyb3BlanNraSUyNTIwV2Fyc3phd2ElMjE1ZTAlMjEzbTIlMjExc3BsJTIxMnNwbCUyMTR2MTY4MTIwNTI1NzAxOSUyMTVtMiUyMTFzcGwlMjEyc3BsJTIyJTIwd2lkdGglM0QlMjI2MDAlMjIlMjBoZWlnaHQlM0QlMjI0NTAlMjIlMjBzdHlsZSUzRCUyMmJvcmRlciUzQTAlM0IlMjIlMjBhbGxvd2Z1bGxzY3JlZW4lM0QlMjIlMjIlMjBsb2FkaW5nJTNEJTIybGF6eSUyMiUyMHJlZmVycmVycG9saWN5JTNEJTIybm8tcmVmZXJyZXItd2hlbi1kb3duZ3JhZGUlMjIlM0UlM0MlMkZpZnJhbWUlM0U=[\/vc_raw_html][\/vc_column][vc_column width=&#8221;1\/2&#8243;][vc_column_text el_class=&#8221;bel-con-title&#8221;]Zapraszamy do kontaktu je\u017celi chcesz uzyska\u0107 wi\u0119cej informacji o Gali.[\/vc_column_text][vc_empty_space height=&#8221;40px&#8221;][\/vc_column][\/vc_row]<\/p>\n","protected":false},"author":1,"featured_media":0,"parent":0,"menu_order":0,"comment_status":"closed","ping_status":"closed","template":"full-width.php","meta":{"footnotes":""},"class_list":["post-12870","page","type-page","status-publish","hentry"],"yoast_head":"<!-- This site is optimized with the Yoast SEO plugin v20.5 - https:\/\/yoast.com\/wordpress\/plugins\/seo\/ -->\n<title>Kontakt - ITChampions<\/title>\n<meta name=\"robots\" content=\"index, follow, max-snippet:-1, max-image-preview:large, max-video-preview:-1\" \/>\n<link rel=\"canonical\" href=\"https:\/\/itreseller.pl\/itchampions\/kontakt\/\" \/>\n<meta property=\"og:locale\" content=\"pl_PL\" \/>\n<meta property=\"og:type\" content=\"article\" \/>\n<meta property=\"og:title\" content=\"Kontakt - ITChampions\" \/>\n<meta property=\"og:description\" content=\"[vc_row content_width=&#8221;grid&#8221; css=&#8221;.vc_custom_1615822885851{padding-bottom: 80px !important;}&#8221;][vc_column width=&#8221;1\/2&#8243;][vc_column_text el_class=&#8221;bel-con-title&#8221;]Gala odb\u0119dzie si\u0119 w Hotelu Raffles Europejski w Warszawie. Obowi\u0105zuj\u0105 zaproszenia.[\/vc_column_text][vc_empty_space height=&#8221;40px&#8221;][vc_raw_html]JTNDaWZyYW1lJTIwc3JjJTNEJTIyaHR0cHMlM0ElMkYlMkZ3d3cuZ29vZ2xlLmNvbSUyRm1hcHMlMkZlbWJlZCUzRnBiJTNEJTIxMW0xOCUyMTFtMTIlMjExbTMlMjExZDI0NDMuMDkxNjA5OTg0MTI1NiUyMTJkMjEuMDEyNDM5MDUxMzMyNzg0JTIxM2Q1Mi4yNDE3MTk2NjQ0NjgwNyUyMTJtMyUyMTFmMCUyMTJmMCUyMTNmMCUyMTNtMiUyMTFpMTAyNCUyMTJpNzY4JTIxNGYxMy4xJTIxM20zJTIxMW0yJTIxMXMweDQ3MWVjZDhmNmNlODM3YTUlMjUzQTB4NWY4NDUxMDUxNGViYjRiMiUyMTJzUmFmZmxlcyUyNTIwRXVyb3BlanNraSUyNTIwV2Fyc3phd2ElMjE1ZTAlMjEzbTIlMjExc3BsJTIxMnNwbCUyMTR2MTY4MTIwNTI1NzAxOSUyMTVtMiUyMTFzcGwlMjEyc3BsJTIyJTIwd2lkdGglM0QlMjI2MDAlMjIlMjBoZWlnaHQlM0QlMjI0NTAlMjIlMjBzdHlsZSUzRCUyMmJvcmRlciUzQTAlM0IlMjIlMjBhbGxvd2Z1bGxzY3JlZW4lM0QlMjIlMjIlMjBsb2FkaW5nJTNEJTIybGF6eSUyMiUyMHJlZmVycmVycG9saWN5JTNEJTIybm8tcmVmZXJyZXItd2hlbi1kb3duZ3JhZGUlMjIlM0UlM0MlMkZpZnJhbWUlM0U=[\/vc_raw_html][\/vc_column][vc_column width=&#8221;1\/2&#8243;][vc_column_text el_class=&#8221;bel-con-title&#8221;]Zapraszamy do kontaktu je\u017celi chcesz uzyska\u0107 wi\u0119cej informacji o Gali.[\/vc_column_text][vc_empty_space height=&#8221;40px&#8221;][\/vc_column][\/vc_row]\" \/>\n<meta property=\"og:url\" content=\"https:\/\/itreseller.pl\/itchampions\/kontakt\/\" \/>\n<meta property=\"og:site_name\" content=\"ITChampions\" \/>\n<meta property=\"article:modified_time\" content=\"2023-04-11T09:28:14+00:00\" \/>\n<meta name=\"twitter:card\" content=\"summary_large_image\" \/>\n<meta name=\"twitter:label1\" content=\"Szacowany czas czytania\" \/>\n\t<meta name=\"twitter:data1\" content=\"1 minuta\" \/>\n<script type=\"application\/ld+json\" class=\"yoast-schema-graph\">{\"@context\":\"https:\/\/schema.org\",\"@graph\":[{\"@type\":\"WebPage\",\"@id\":\"https:\/\/itreseller.pl\/itchampions\/kontakt\/\",\"url\":\"https:\/\/itreseller.pl\/itchampions\/kontakt\/\",\"name\":\"Kontakt - ITChampions\",\"isPartOf\":{\"@id\":\"https:\/\/itreseller.pl\/itchampions\/#website\"},\"datePublished\":\"2021-02-16T14:26:58+00:00\",\"dateModified\":\"2023-04-11T09:28:14+00:00\",\"breadcrumb\":{\"@id\":\"https:\/\/itreseller.pl\/itchampions\/kontakt\/#breadcrumb\"},\"inLanguage\":\"pl-PL\",\"potentialAction\":[{\"@type\":\"ReadAction\",\"target\":[\"https:\/\/itreseller.pl\/itchampions\/kontakt\/\"]}]},{\"@type\":\"BreadcrumbList\",\"@id\":\"https:\/\/itreseller.pl\/itchampions\/kontakt\/#breadcrumb\",\"itemListElement\":[{\"@type\":\"ListItem\",\"position\":1,\"name\":\"Strona g\u0142\u00f3wna\",\"item\":\"https:\/\/itreseller.pl\/itchampions\/\"},{\"@type\":\"ListItem\",\"position\":2,\"name\":\"Kontakt\"}]},{\"@type\":\"WebSite\",\"@id\":\"https:\/\/itreseller.pl\/itchampions\/#website\",\"url\":\"https:\/\/itreseller.pl\/itchampions\/\",\"name\":\"ITChampions\",\"description\":\"Mistrzowie nowych technologii\",\"potentialAction\":[{\"@type\":\"SearchAction\",\"target\":{\"@type\":\"EntryPoint\",\"urlTemplate\":\"https:\/\/itreseller.pl\/itchampions\/?s={search_term_string}\"},\"query-input\":\"required name=search_term_string\"}],\"inLanguage\":\"pl-PL\"}]}<\/script>\n<!-- \/ Yoast SEO plugin. -->","yoast_head_json":{"title":"Kontakt - ITChampions","robots":{"index":"index","follow":"follow","max-snippet":"max-snippet:-1","max-image-preview":"max-image-preview:large","max-video-preview":"max-video-preview:-1"},"canonical":"https:\/\/itreseller.pl\/itchampions\/kontakt\/","og_locale":"pl_PL","og_type":"article","og_title":"Kontakt - ITChampions","og_description":"[vc_row content_width=&#8221;grid&#8221; css=&#8221;.vc_custom_1615822885851{padding-bottom: 80px !important;}&#8221;][vc_column width=&#8221;1\/2&#8243;][vc_column_text el_class=&#8221;bel-con-title&#8221;]Gala odb\u0119dzie si\u0119 w Hotelu Raffles Europejski w Warszawie. Obowi\u0105zuj\u0105 zaproszenia.[\/vc_column_text][vc_empty_space height=&#8221;40px&#8221;][vc_raw_html]JTNDaWZyYW1lJTIwc3JjJTNEJTIyaHR0cHMlM0ElMkYlMkZ3d3cuZ29vZ2xlLmNvbSUyRm1hcHMlMkZlbWJlZCUzRnBiJTNEJTIxMW0xOCUyMTFtMTIlMjExbTMlMjExZDI0NDMuMDkxNjA5OTg0MTI1NiUyMTJkMjEuMDEyNDM5MDUxMzMyNzg0JTIxM2Q1Mi4yNDE3MTk2NjQ0NjgwNyUyMTJtMyUyMTFmMCUyMTJmMCUyMTNmMCUyMTNtMiUyMTFpMTAyNCUyMTJpNzY4JTIxNGYxMy4xJTIxM20zJTIxMW0yJTIxMXMweDQ3MWVjZDhmNmNlODM3YTUlMjUzQTB4NWY4NDUxMDUxNGViYjRiMiUyMTJzUmFmZmxlcyUyNTIwRXVyb3BlanNraSUyNTIwV2Fyc3phd2ElMjE1ZTAlMjEzbTIlMjExc3BsJTIxMnNwbCUyMTR2MTY4MTIwNTI1NzAxOSUyMTVtMiUyMTFzcGwlMjEyc3BsJTIyJTIwd2lkdGglM0QlMjI2MDAlMjIlMjBoZWlnaHQlM0QlMjI0NTAlMjIlMjBzdHlsZSUzRCUyMmJvcmRlciUzQTAlM0IlMjIlMjBhbGxvd2Z1bGxzY3JlZW4lM0QlMjIlMjIlMjBsb2FkaW5nJTNEJTIybGF6eSUyMiUyMHJlZmVycmVycG9saWN5JTNEJTIybm8tcmVmZXJyZXItd2hlbi1kb3duZ3JhZGUlMjIlM0UlM0MlMkZpZnJhbWUlM0U=[\/vc_raw_html][\/vc_column][vc_column width=&#8221;1\/2&#8243;][vc_column_text el_class=&#8221;bel-con-title&#8221;]Zapraszamy do kontaktu je\u017celi chcesz uzyska\u0107 wi\u0119cej informacji o Gali.[\/vc_column_text][vc_empty_space height=&#8221;40px&#8221;][\/vc_column][\/vc_row]","og_url":"https:\/\/itreseller.pl\/itchampions\/kontakt\/","og_site_name":"ITChampions","article_modified_time":"2023-04-11T09:28:14+00:00","twitter_card":"summary_large_image","twitter_misc":{"Szacowany czas czytania":"1 minuta"},"schema":{"@context":"https:\/\/schema.org","@graph":[{"@type":"WebPage","@id":"https:\/\/itreseller.pl\/itchampions\/kontakt\/","url":"https:\/\/itreseller.pl\/itchampions\/kontakt\/","name":"Kontakt - ITChampions","isPartOf":{"@id":"https:\/\/itreseller.pl\/itchampions\/#website"},"datePublished":"2021-02-16T14:26:58+00:00","dateModified":"2023-04-11T09:28:14+00:00","breadcrumb":{"@id":"https:\/\/itreseller.pl\/itchampions\/kontakt\/#breadcrumb"},"inLanguage":"pl-PL","potentialAction":[{"@type":"ReadAction","target":["https:\/\/itreseller.pl\/itchampions\/kontakt\/"]}]},{"@type":"BreadcrumbList","@id":"https:\/\/itreseller.pl\/itchampions\/kontakt\/#breadcrumb","itemListElement":[{"@type":"ListItem","position":1,"name":"Strona g\u0142\u00f3wna","item":"https:\/\/itreseller.pl\/itchampions\/"},{"@type":"ListItem","position":2,"name":"Kontakt"}]},{"@type":"WebSite","@id":"https:\/\/itreseller.pl\/itchampions\/#website","url":"https:\/\/itreseller.pl\/itchampions\/","name":"ITChampions","description":"Mistrzowie nowych technologii","potentialAction":[{"@type":"SearchAction","target":{"@type":"EntryPoint","urlTemplate":"https:\/\/itreseller.pl\/itchampions\/?s={search_term_string}"},"query-input":"required name=search_term_string"}],"inLanguage":"pl-PL"}]}},"_links":{"self":[{"href":"https:\/\/itreseller.pl\/itchampions\/wp-json\/wp\/v2\/pages\/12870","targetHints":{"allow":["GET"]}}],"collection":[{"href":"https:\/\/itreseller.pl\/itchampions\/wp-json\/wp\/v2\/pages"}],"about":[{"href":"https:\/\/itreseller.pl\/itchampions\/wp-json\/wp\/v2\/types\/page"}],"author":[{"embeddable":true,"href":"https:\/\/itreseller.pl\/itchampions\/wp-json\/wp\/v2\/users\/1"}],"replies":[{"embeddable":true,"href":"https:\/\/itreseller.pl\/itchampions\/wp-json\/wp\/v2\/comments?post=12870"}],"version-history":[{"count":9,"href":"https:\/\/itreseller.pl\/itchampions\/wp-json\/wp\/v2\/pages\/12870\/revisions"}],"predecessor-version":[{"id":13637,"href":"https:\/\/itreseller.pl\/itchampions\/wp-json\/wp\/v2\/pages\/12870\/revisions\/13637"}],"wp:attachment":[{"href":"https:\/\/itreseller.pl\/itchampions\/wp-json\/wp\/v2\/media?parent=12870"}],"curies":[{"name":"wp","href":"https:\/\/api.w.org\/{rel}","templated":true}]}}