{"id":13041,"date":"2021-02-24T16:15:55","date_gmt":"2021-02-24T15:15:55","guid":{"rendered":"https:\/\/itreseller.com.pl\/itchampions\/?page_id=13041"},"modified":"2021-03-11T13:25:39","modified_gmt":"2021-03-11T12:25:39","slug":"it-champions-2017","status":"publish","type":"page","link":"https:\/\/itreseller.pl\/itchampions\/it-champions-2017\/","title":{"rendered":"IT CHAMPIONS 2017"},"content":{"rendered":"<p>[vc_section full_width=&#8221;stretch_row_content&#8221; full_height=&#8221;yes&#8221; css=&#8221;.vc_custom_1615328146271{margin-bottom: 40px !important;padding-right: 0px !important;padding-left: 0px !important;background-image: url(https:\/\/itreseller.pl\/itchampions\/wp-content\/uploads\/2021\/03\/Mistrzowie-Nowych-Technologii-IT-Reseller-02-1.jpg?id=13215) !important;background-position: center !important;background-repeat: no-repeat !important;background-size: cover !important;}&#8221;][\/vc_section][vc_row el_class=&#8221;edgtf-sidebar&#8221;][vc_column width=&#8221;3\/4&#8243; css=&#8221;.vc_custom_1615400599053{padding-right: 40px !important;}&#8221;]<div class=\"edgtf-title-section-holder\">\n\t\t\t<h2 class=\"edgtf-title-with-dots\" style=\"color:#000000\">\n\t\t\tIT CHAMPIONS 2017\t\t<\/h2>\n\t\t<span class=\"edge-title-separator edge-disable-separator\" ><\/span>\n\n\t<\/div>[vc_empty_space height=&#8221;10px&#8221;][vc_column_text]<strong>18 maja w Warszawie w Hard Rock Cafe odby\u0142a si\u0119 uroczysta gala IT Reseller \u2013 Mistrzowie Nowych Technologii. Podczas cz\u0119\u015bci oficjalnej mieli\u015bmy wielk\u0105 przyjemno\u015b\u0107 uhonorowa\u0107 najlepszych w bran\u017cy IT, wr\u0119czaj\u0105c im statuetki IT Champion. To by\u0142 wielki zaszczyt go\u015bci\u0107 tak znakomitych go\u015bci, bez w\u0105tpienia elit\u0119 bran\u017cy IT! Wszystkim laureatom bardzo serdecznie gratulujemy!<\/strong><\/p>\n<p>&nbsp;<\/p>\n<p><strong>Laureaci gali \u201eMistrzowie Nowych Technologii\u201d<\/strong><\/p>\n<ul>\n<li>Zwyci\u0119zca w kategorii: Producent Roku \u2013\u00a0<strong>HP Inc Polska<\/strong><\/li>\n<li>Zwyci\u0119zca w kategorii: Producent Komputer\u00f3w \u2013\u00a0<strong>Lenovo Technology Poland<\/strong><\/li>\n<li>Zwyci\u0119zca w kategorii: Producent Urz\u0105dze\u0144 do Druku \u2013\u00a0<strong>Epson\u00a0 Polska<\/strong><\/li>\n<li>Zwyci\u0119zca w kategorii: Producent Smartfon\u00f3w \u2013\u00a0<strong>Huawei Polska<\/strong><\/li>\n<li>Zwyci\u0119zca w kategorii: Producent w sektorze Motoryzacja \u2013\u00a0<strong>Navitel Poland Sp. z o.o.<\/strong><\/li>\n<li>Zwyci\u0119zca w kategorii: Innowacje \u2013\u00a0<strong>HP Inc Polska<\/strong><\/li>\n<li>Zwyci\u0119zca w kategorii: Producent rozwi\u0105za\u0144 Digital Signage \u2013\u00a0<strong>Samsung Electronics Polska<\/strong><\/li>\n<li>Zwyci\u0119zca w kategorii: Producent rozwi\u0105za\u0144 Retail \u2013\u00a0<strong>Diebold Nixdorf Sp. z o.o.<\/strong><\/li>\n<li>Zwyci\u0119zca w kategorii: Bezpiecze\u0144stwo \u2013\u00a0<strong>HP Inc Polska<\/strong><\/li>\n<li>Zwyci\u0119zca w kategorii: Producent Oprogramowania dla M\u015aP \u2013\u00a0<strong>Sage Sp. z o.o.<\/strong><\/li>\n<li>Zwyci\u0119zca w kategorii: Producent Rozwi\u0105za\u0144 Chmurowych \u2013\u00a0<strong>Oracle Polska<\/strong><\/li>\n<li>Zwyci\u0119zca w kategorii: Rozwi\u0105zania dla Data Center \u2013\u00a0<strong>Diskus Polska<\/strong><\/li>\n<li>Zwyci\u0119zca w kategorii: Producent Internetu Rzeczy \u2013\u00a0<strong>Intel Technology Poland<\/strong><\/li>\n<li>Zwyci\u0119zca w kategorii: Producent Rozwi\u0105za\u0144 Teleinformatycznych i Telekomunikacyjnych \u2013\u00a0<strong>Huawei Polska<\/strong><\/li>\n<li>Zwyci\u0119zca w kategorii: Serwis Producencki \u2013\u00a0<strong>Navitel Poland Sp. z o.o.<br \/>\n<\/strong><\/li>\n<\/ul>\n<p><strong>\u00a0<\/strong><\/p>\n<p><img loading=\"lazy\" decoding=\"async\" class=\"alignnone size-full wp-image-9273\" src=\"http:\/\/itreseller.pl\/wp-content\/uploads\/2017\/05\/Mistrzowie-Nowych-Technologii-IT-Reseller-01-1.jpg\" alt=\"\" width=\"2048\" height=\"1366\" \/><\/p>\n<p>&nbsp;<\/p>\n<ul>\n<li>Zwyci\u0119zca w kategorii: Dystrybutor Roku \u2013\u00a0<strong>AB S.A.<\/strong><\/li>\n<li>Zwyci\u0119zca w kategorii: Dystrybutor z warto\u015bci\u0105 dodan\u0105 VAD \u2013\u00a0<strong>S4E S.A. Polska<\/strong><\/li>\n<li>Zwyci\u0119zca w kategorii: Dystrybutor Specjalizowany \u2013\u00a0<strong>Nelro Data S.A.<\/strong><\/li>\n<li>Zwyci\u0119zca w kategorii: Dyrektor Sprzeda\u017cy u Dystrybutora \u2013\u00a0<strong>Marcin Ruci\u0144ski \/ Tech Data Polska Sp. z o.o.<\/strong><\/li>\n<li>Zwyci\u0119zca w kategorii: Szef kana\u0142u partnerskiego \u2013\u00a0<strong>Miko\u0142aj Bobi\u0144ski \/ Samsung Electronics Polska<\/strong><\/li>\n<li>Zwyci\u0119zca w kategorii: Program Partnerski \u2013\u00a0<strong>Activejet\u00a0\/ Action S.A.<\/strong><\/li>\n<li>Zwyci\u0119zca w kategorii: Program Partnerski \u2013\u00a0<strong>STEP \u2013 Samsung Electronics Polska<\/strong><\/li>\n<\/ul>\n<p>&nbsp;<\/p>\n<ul>\n<li>Zwyci\u0119zca w kategorii: Debiut roku \u2013\u00a0<strong>Xiaomi \/ ABC Data S.A.<\/strong><\/li>\n<li>Zwyci\u0119zca w kategorii: Wydarzenie roku \u2013\u00a0<strong>Intel Extreme Masters 2017\u00a0dla Intel Technology Poland<\/strong><\/li>\n<li>Zwyci\u0119zca w kategorii: Wdro\u017cenie roku \u2013\u00a0<strong>M4B S.A. \/ Toshiba Europe GmbH<\/strong><\/li>\n<\/ul>\n<p>&nbsp;<\/p>\n<p><img decoding=\"async\" src=\"https:\/\/itreseller.pl\/wp-content\/uploads\/2017\/05\/Mistrzowie-Nowych-Technologii-IT-Reseller-02-1-960x640.jpg\" alt=\"https:\/\/itreseller.pl\/wp-content\/uploads\/2017\/05\/Mistrzowie-Nowych-Technologii-IT-Reseller-02-1-960x640.jpg\" \/><\/p>\n<p>&nbsp;<\/p>\n<p><strong>Nagrody Specjalne<\/strong><\/p>\n<ul>\n<li>Zwyci\u0119zca w kategorii: Dzia\u0142alno\u015b\u0107 na rzecz bran\u017cy \u2013\u00a0<strong>Micha\u0142 Kanownik \/ ZIPSEE \u201eCyfrowa Polska\u201d<\/strong><\/li>\n<li>Zwyci\u0119zca w kategorii: IT Women of the Year 2017 \u2013\u00a0\u00a0<strong>Ilona Weiss \/ Prezes Zarz\u0105du ABC Data SA<\/strong><\/li>\n<li>Zwyci\u0119zca w kategorii: IT Men of the Year 2017 \u2013\u00a0<strong>Andrzej Przyby\u0142o \/ Prezes Zarz\u0105du AB S.A.<\/strong><\/li>\n<\/ul>\n<p><img loading=\"lazy\" decoding=\"async\" class=\"alignnone size-full\" src=\"https:\/\/itreseller.pl\/itchampions\/wp-content\/uploads\/2021\/02\/MNT-IT-Reseller-991-960x640-1.jpg\" width=\"960\" height=\"640\" \/><\/p>\n<p>&nbsp;<\/p>\n<p>&nbsp;<\/p>\n<blockquote>\n<p style=\"text-align: center;\"><em>\u201eW imieniu swoim oraz ca\u0142ej redakcji chcia\u0142bym raz jeszcze, bardzo serdecznie podzi\u0119kowa\u0107 za tak liczne przybycie a laureatom pogratulowa\u0107 zwyci\u0119stwa! To by\u0142 wielki zaszczyt podejmowa\u0107 tak znakomitych go\u015bci, bez w\u0105tpienia elit\u0119 bran\u017cy IT.\u00a0<\/em>Dzi\u0119kuj\u0119 za przybycie, obecno\u015b\u0107, spotkanie i mo\u017cliwo\u015b\u0107 rozmowy w nieformalnej atmosferze. Wszystkim zwyci\u0119zcom bardzo serdecznie gratuluj\u0119 i \u017cycz\u0119 wielu, kolejnych sukces\u00f3w!\u00a0<em>Do zobaczenia za rok!\u201d \u2013\u00a0<\/em><strong>Mariusz Laurisz, wydawca magazynu IT Reseller oraz redaktor naczelny portali IT Reseller<\/strong><strong>.<\/strong><\/p>\n<\/blockquote>\n<p>[\/vc_column_text][\/vc_column][vc_column width=&#8221;1\/4&#8243;][vc_widget_sidebar sidebar_id=&#8221;content-bottom&#8221; el_class=&#8221;postid-13035&#8243;][\/vc_column][\/vc_row]<\/p>\n","protected":false},"excerpt":{"rendered":"<p>[vc_section full_width=&#8221;stretch_row_content&#8221; full_height=&#8221;yes&#8221; css=&#8221;.vc_custom_1615328146271{margin-bottom: 40px !important;padding-right: 0px !important;padding-left: 0px !important;background-image: url(https:\/\/itreseller.pl\/itchampions\/wp-content\/uploads\/2021\/03\/Mistrzowie-Nowych-Technologii-IT-Reseller-02-1.jpg?id=13215) !important;background-position: center !important;background-repeat: no-repeat !important;background-size: cover !important;}&#8221;][\/vc_section][vc_row el_class=&#8221;edgtf-sidebar&#8221;][vc_column width=&#8221;3\/4&#8243; css=&#8221;.vc_custom_1615400599053{padding-right: 40px !important;}&#8221;][vc_empty_space height=&#8221;10px&#8221;][vc_column_text]18 maja w Warszawie w Hard Rock Cafe odby\u0142a si\u0119 uroczysta gala IT Reseller \u2013 Mistrzowie Nowych Technologii. Podczas cz\u0119\u015bci oficjalnej mieli\u015bmy&#8230;<\/p>\n","protected":false},"author":1,"featured_media":0,"parent":0,"menu_order":0,"comment_status":"closed","ping_status":"closed","template":"","meta":{"footnotes":""},"class_list":["post-13041","page","type-page","status-publish","hentry"],"yoast_head":"<!-- This site is optimized with the Yoast SEO plugin v20.5 - https:\/\/yoast.com\/wordpress\/plugins\/seo\/ -->\n<title>IT CHAMPIONS 2017 - ITChampions<\/title>\n<meta name=\"robots\" content=\"index, follow, max-snippet:-1, max-image-preview:large, max-video-preview:-1\" \/>\n<link rel=\"canonical\" href=\"https:\/\/itreseller.pl\/itchampions\/it-champions-2017\/\" \/>\n<meta property=\"og:locale\" content=\"pl_PL\" \/>\n<meta property=\"og:type\" content=\"article\" \/>\n<meta property=\"og:title\" content=\"IT CHAMPIONS 2017 - ITChampions\" \/>\n<meta property=\"og:description\" content=\"[vc_section full_width=&#8221;stretch_row_content&#8221; full_height=&#8221;yes&#8221; css=&#8221;.vc_custom_1615328146271{margin-bottom: 40px !important;padding-right: 0px !important;padding-left: 0px !important;background-image: url(https:\/\/itreseller.pl\/itchampions\/wp-content\/uploads\/2021\/03\/Mistrzowie-Nowych-Technologii-IT-Reseller-02-1.jpg?id=13215) !important;background-position: center !important;background-repeat: no-repeat !important;background-size: cover !important;}&#8221;][\/vc_section][vc_row el_class=&#8221;edgtf-sidebar&#8221;][vc_column width=&#8221;3\/4&#8243; css=&#8221;.vc_custom_1615400599053{padding-right: 40px !important;}&#8221;][vc_empty_space height=&#8221;10px&#8221;][vc_column_text]18 maja w Warszawie w Hard Rock Cafe odby\u0142a si\u0119 uroczysta gala IT Reseller \u2013 Mistrzowie Nowych Technologii. Podczas cz\u0119\u015bci oficjalnej mieli\u015bmy...\" \/>\n<meta property=\"og:url\" content=\"https:\/\/itreseller.pl\/itchampions\/it-champions-2017\/\" \/>\n<meta property=\"og:site_name\" content=\"ITChampions\" \/>\n<meta property=\"article:modified_time\" content=\"2021-03-11T12:25:39+00:00\" \/>\n<meta property=\"og:image\" content=\"http:\/\/itreseller.pl\/wp-content\/uploads\/2017\/05\/Mistrzowie-Nowych-Technologii-IT-Reseller-01-1.jpg\" \/>\n<meta name=\"twitter:card\" content=\"summary_large_image\" \/>\n<meta name=\"twitter:label1\" content=\"Szacowany czas czytania\" \/>\n\t<meta name=\"twitter:data1\" content=\"3 minuty\" \/>\n<script type=\"application\/ld+json\" class=\"yoast-schema-graph\">{\"@context\":\"https:\/\/schema.org\",\"@graph\":[{\"@type\":\"WebPage\",\"@id\":\"https:\/\/itreseller.pl\/itchampions\/it-champions-2017\/\",\"url\":\"https:\/\/itreseller.pl\/itchampions\/it-champions-2017\/\",\"name\":\"IT CHAMPIONS 2017 - ITChampions\",\"isPartOf\":{\"@id\":\"https:\/\/itreseller.pl\/itchampions\/#website\"},\"datePublished\":\"2021-02-24T15:15:55+00:00\",\"dateModified\":\"2021-03-11T12:25:39+00:00\",\"breadcrumb\":{\"@id\":\"https:\/\/itreseller.pl\/itchampions\/it-champions-2017\/#breadcrumb\"},\"inLanguage\":\"pl-PL\",\"potentialAction\":[{\"@type\":\"ReadAction\",\"target\":[\"https:\/\/itreseller.pl\/itchampions\/it-champions-2017\/\"]}]},{\"@type\":\"BreadcrumbList\",\"@id\":\"https:\/\/itreseller.pl\/itchampions\/it-champions-2017\/#breadcrumb\",\"itemListElement\":[{\"@type\":\"ListItem\",\"position\":1,\"name\":\"Strona g\u0142\u00f3wna\",\"item\":\"https:\/\/itreseller.pl\/itchampions\/\"},{\"@type\":\"ListItem\",\"position\":2,\"name\":\"IT CHAMPIONS 2017\"}]},{\"@type\":\"WebSite\",\"@id\":\"https:\/\/itreseller.pl\/itchampions\/#website\",\"url\":\"https:\/\/itreseller.pl\/itchampions\/\",\"name\":\"ITChampions\",\"description\":\"Mistrzowie nowych technologii\",\"potentialAction\":[{\"@type\":\"SearchAction\",\"target\":{\"@type\":\"EntryPoint\",\"urlTemplate\":\"https:\/\/itreseller.pl\/itchampions\/?s={search_term_string}\"},\"query-input\":\"required name=search_term_string\"}],\"inLanguage\":\"pl-PL\"}]}<\/script>\n<!-- \/ Yoast SEO plugin. -->","yoast_head_json":{"title":"IT CHAMPIONS 2017 - ITChampions","robots":{"index":"index","follow":"follow","max-snippet":"max-snippet:-1","max-image-preview":"max-image-preview:large","max-video-preview":"max-video-preview:-1"},"canonical":"https:\/\/itreseller.pl\/itchampions\/it-champions-2017\/","og_locale":"pl_PL","og_type":"article","og_title":"IT CHAMPIONS 2017 - ITChampions","og_description":"[vc_section full_width=&#8221;stretch_row_content&#8221; full_height=&#8221;yes&#8221; css=&#8221;.vc_custom_1615328146271{margin-bottom: 40px !important;padding-right: 0px !important;padding-left: 0px !important;background-image: url(https:\/\/itreseller.pl\/itchampions\/wp-content\/uploads\/2021\/03\/Mistrzowie-Nowych-Technologii-IT-Reseller-02-1.jpg?id=13215) !important;background-position: center !important;background-repeat: no-repeat !important;background-size: cover !important;}&#8221;][\/vc_section][vc_row el_class=&#8221;edgtf-sidebar&#8221;][vc_column width=&#8221;3\/4&#8243; css=&#8221;.vc_custom_1615400599053{padding-right: 40px !important;}&#8221;][vc_empty_space height=&#8221;10px&#8221;][vc_column_text]18 maja w Warszawie w Hard Rock Cafe odby\u0142a si\u0119 uroczysta gala IT Reseller \u2013 Mistrzowie Nowych Technologii. Podczas cz\u0119\u015bci oficjalnej mieli\u015bmy...","og_url":"https:\/\/itreseller.pl\/itchampions\/it-champions-2017\/","og_site_name":"ITChampions","article_modified_time":"2021-03-11T12:25:39+00:00","og_image":[{"url":"http:\/\/itreseller.pl\/wp-content\/uploads\/2017\/05\/Mistrzowie-Nowych-Technologii-IT-Reseller-01-1.jpg"}],"twitter_card":"summary_large_image","twitter_misc":{"Szacowany czas czytania":"3 minuty"},"schema":{"@context":"https:\/\/schema.org","@graph":[{"@type":"WebPage","@id":"https:\/\/itreseller.pl\/itchampions\/it-champions-2017\/","url":"https:\/\/itreseller.pl\/itchampions\/it-champions-2017\/","name":"IT CHAMPIONS 2017 - ITChampions","isPartOf":{"@id":"https:\/\/itreseller.pl\/itchampions\/#website"},"datePublished":"2021-02-24T15:15:55+00:00","dateModified":"2021-03-11T12:25:39+00:00","breadcrumb":{"@id":"https:\/\/itreseller.pl\/itchampions\/it-champions-2017\/#breadcrumb"},"inLanguage":"pl-PL","potentialAction":[{"@type":"ReadAction","target":["https:\/\/itreseller.pl\/itchampions\/it-champions-2017\/"]}]},{"@type":"BreadcrumbList","@id":"https:\/\/itreseller.pl\/itchampions\/it-champions-2017\/#breadcrumb","itemListElement":[{"@type":"ListItem","position":1,"name":"Strona g\u0142\u00f3wna","item":"https:\/\/itreseller.pl\/itchampions\/"},{"@type":"ListItem","position":2,"name":"IT CHAMPIONS 2017"}]},{"@type":"WebSite","@id":"https:\/\/itreseller.pl\/itchampions\/#website","url":"https:\/\/itreseller.pl\/itchampions\/","name":"ITChampions","description":"Mistrzowie nowych technologii","potentialAction":[{"@type":"SearchAction","target":{"@type":"EntryPoint","urlTemplate":"https:\/\/itreseller.pl\/itchampions\/?s={search_term_string}"},"query-input":"required name=search_term_string"}],"inLanguage":"pl-PL"}]}},"_links":{"self":[{"href":"https:\/\/itreseller.pl\/itchampions\/wp-json\/wp\/v2\/pages\/13041","targetHints":{"allow":["GET"]}}],"collection":[{"href":"https:\/\/itreseller.pl\/itchampions\/wp-json\/wp\/v2\/pages"}],"about":[{"href":"https:\/\/itreseller.pl\/itchampions\/wp-json\/wp\/v2\/types\/page"}],"author":[{"embeddable":true,"href":"https:\/\/itreseller.pl\/itchampions\/wp-json\/wp\/v2\/users\/1"}],"replies":[{"embeddable":true,"href":"https:\/\/itreseller.pl\/itchampions\/wp-json\/wp\/v2\/comments?post=13041"}],"version-history":[{"count":23,"href":"https:\/\/itreseller.pl\/itchampions\/wp-json\/wp\/v2\/pages\/13041\/revisions"}],"predecessor-version":[{"id":13244,"href":"https:\/\/itreseller.pl\/itchampions\/wp-json\/wp\/v2\/pages\/13041\/revisions\/13244"}],"wp:attachment":[{"href":"https:\/\/itreseller.pl\/itchampions\/wp-json\/wp\/v2\/media?parent=13041"}],"curies":[{"name":"wp","href":"https:\/\/api.w.org\/{rel}","templated":true}]}}