{"id":13182,"date":"2021-03-09T22:39:04","date_gmt":"2021-03-09T21:39:04","guid":{"rendered":"https:\/\/itreseller.com.pl\/itchampions\/?page_id=13182"},"modified":"2021-03-10T18:35:58","modified_gmt":"2021-03-10T17:35:58","slug":"it-champions-2018","status":"publish","type":"page","link":"https:\/\/itreseller.pl\/itchampions\/it-champions-2018\/","title":{"rendered":"IT CHAMPIONS 2018"},"content":{"rendered":"<p>[vc_section full_width=&#8221;stretch_row&#8221; full_height=&#8221;yes&#8221; css=&#8221;.vc_custom_1615327978919{margin-bottom: 40px !important;background-image: url(https:\/\/itreseller.pl\/itchampions\/wp-content\/uploads\/2021\/03\/ITC18-01.jpg?id=13211) !important;background-position: center !important;background-repeat: no-repeat !important;background-size: cover !important;}&#8221;][\/vc_section][vc_row el_class=&#8221;edgtf-sidebar&#8221;][vc_column width=&#8221;3\/4&#8243;]<div class=\"edgtf-title-section-holder\">\n\t\t\t<h2 class=\"edgtf-title-with-dots\" style=\"color:#000000\">\n\t\t\tIT CHAMPIONS 2018\t\t<\/h2>\n\t\t<span class=\"edge-title-separator edge-disable-separator\" ><\/span>\n\n\t<\/div>[vc_empty_space height=&#8221;10px&#8221;][vc_column_text]<strong>Gala IT CHAMPIONS 2018 \u2013 MISTRZOWIE NOWYCH TECHNOLOGII ponownie odby\u0142a si\u0119 w warszawskiej Hard Rock Cafe, podczas kt\u00f3rej w imieniu ca\u0142ej bran\u017cy, mieli\u015bmy wielk\u0105 przyjemno\u015b\u0107 uhonorowa\u0107 najlepszych w bran\u017cy IT, wr\u0119czaj\u0105c im wykonane z metalu wed\u0142ug indywidualnego wzoru, presti\u017cowe statuetki IT Champion 2018.\u00a0<\/strong><strong>To by\u0142\u00a0<\/strong><strong>bez w\u0105tpienia\u00a0<\/strong><strong>wielki zaszczyt go\u015bci\u0107 tak znakomitych go\u015bci, elit\u0119 bran\u017cy IT.<\/strong><\/p>\n<p>&nbsp;<\/p>\n<blockquote><p><em>\u201eOrganizuj\u0105c pierwsz\u0105 edycj\u0119 gali IT C<\/em><em>hampion<\/em><em>\u00a0w warszawskim Hard Rock Cafe dopiero zaczynali\u015bmy proces rewitalizacji tytu\u0142u IT Reseller. Jednak od pocz\u0105tku nasza strategia mia\u0142a jasno okre\u015blony cel: powr\u00f3t na pozycj\u0119 lidera magazyn\u00f3w bran\u017cy IT. Zdajemy sobie spraw\u0119 \u017ce powr\u00f3t na szczyt nie jest \u0142atwy, ale jeste\u015bmy zdeterminowani i mocno wierzymy w osi\u0105gni\u0119cie celu. Nasz\u0105 strategi\u0119 oparli\u015bmy na kilku filarach za\u0142o\u017cyli\u015bmy, \u017ce poprzez m.in. takie wydarzenia jak gala IT Champion podczas kt\u00f3rej b\u0119dziemy mieli niezwyk\u0142\u0105 przyjemno\u015b\u0107 uhonorowa\u0107 i nagrodzi\u0107 najlepsze firmy w bran\u017cy, nasze wydawnictwo zacznie odgrywa\u0107 nale\u017cn\u0105 i znacz\u0105c\u0105 rol\u0119 na rynku nowych technologii<\/em><em>.<\/em><em>\u00a0Konsekwentnie realizowana strategia przynosi oczekiwane efekty, pierwszym to wzmocnienie naszej si\u0142y, drugim uznanym tytu\u0142em bran\u017cowym jakim jest bez w\u0105tpienia Reseller News, drugi to wsp\u00f3\u0142praca z RASP, a to nie koniec niespodzianek jakimi chcemy mile zaskoczy\u0107 bran\u017c\u0119 jeszcze w tym roku.\u201d\u00a0<\/em><em>\u2013 powiedzia\u0142\u00a0<strong>Mariusz Laurisz, wydawca IT Reseller i organizator gali IT Champion.<\/strong>\u00a0<\/em><em>\u201eW imieniu swoim oraz ca\u0142ej redakcji chcia\u0142bym bardzo serdecznie podzi\u0119kowa\u0107 za tak liczne przybycie, a wszystkim laureatom pogratulowa\u0107 zwyci\u0119stwa! To by\u0142 wielki zaszczyt go\u015bci\u0107 tak znakomitych go\u015bci, bez w\u0105tpienia elit\u0119 bran\u017cy IT, cieszy nas fakt, \u017ce organizowana przez nas impreza wchodzi na sta\u0142e do kalendarza bran\u017cy IT i jest doskona\u0142\u0105 okazj\u0105 do integracji ca\u0142ej bran\u017cy. Do zobaczenia za rok!\u201d<\/em><\/p><\/blockquote>\n<p><strong>\u00a0<\/strong><\/p>\n<p>O znakomity nastr\u00f3j przed sama gal\u0105 zadba\u0142a nasza reprezentacja, kt\u00f3rej nale\u017c\u0105 si\u0119 szczeg\u00f3lne podzi\u0119kowania za triumf nad reprezentacj\u0105 Litwy a\u017c 4:0. Dwie bramki strzeli\u0142 niezawodny Robert Lewandowski, po jednym trafieniu do\u0142o\u017cyli Jakub B\u0142aszczykowski oraz Dawid Kownacki. To bardzo dobry prognostyk przed zbli\u017caj\u0105cym si\u0119 Mundialem \u2013 Rosja 2018.<\/p>\n<p><strong>\u00a0<\/strong><strong><em>\u00a0<\/em><\/strong><\/p>\n<p><img loading=\"lazy\" decoding=\"async\" class=\"aligncenter size-large wp-image-17940\" src=\"https:\/\/itreseller.pl\/wp-content\/uploads\/2018\/06\/ITC18-01-1024x694.jpg\" alt=\"\" width=\"1024\" height=\"694\" \/><\/p>\n<p>&nbsp;<\/p>\n<p><strong><em>LISTA LAUREAT\u00d3W \u2013 IT CHAMPION 2018<br \/>\n<\/em><\/strong><\/p>\n<p><strong><em><br \/>\nNAJLEPSI PRODUCENCI<\/em><\/strong><\/p>\n<p><em>\u00a0<\/em><\/p>\n<p><em>Producent Roku: \u00a0\u00a0<\/em><strong><em>DELL EMC Polska<\/em><\/strong><\/p>\n<p><em>Innowacje Roku:\u00a0\u00a0\u00a0<\/em><strong><em>Samsung Electronics Polska<\/em><\/strong><\/p>\n<p><em>Producent\u00a0<\/em><strong><em>\u2013<\/em><\/strong><em>\u00a0Komputery i Stacje Robocze:\u00a0\u00a0\u00a0<\/em><strong><em>HP Inc Polska<\/em><\/strong><\/p>\n<p><em>Producent Serwer\u00f3w i Pami\u0119ci Masowych:<strong>\u00a0\u00a0\u00a0<\/strong><\/em><strong><em>IBM Polska<\/em><\/strong><\/p>\n<p><em>Producent \u2013 Notebooki:\u00a0\u00a0\u00a0<strong>Lenovo Poland<\/strong><\/em><\/p>\n<p><em>Producent \u2013 Gaming: \u00a0\u00a0<strong>OMEN by HP<\/strong><\/em><\/p>\n<p><em>Producent \u2013 Mobile: \u00a0\u00a0<strong>Samsung Electronics Polska<\/strong><\/em><\/p>\n<p><em>Producent \u2013 Motoryzacja: \u00a0\u00a0<strong>MIO Europe<\/strong><\/em><\/p>\n<p><em>Teleinformatyka, Telekomunikacja i 5G: \u00a0\u00a0<strong>HUAWEI Polska<\/strong><\/em><\/p>\n<p><em>Producent \u2013 Sztuczna Inteligencja: \u00a0\u00a0<strong>LG Electronics Polska<\/strong><\/em><\/p>\n<p><em>Producent \u2013 Digital Signage:\u00a0\u00a0\u00a0<strong>M4B S.A.<\/strong><\/em><\/p>\n<p><em>Systemy Multimedialne dla Edukacji:\u00a0\u00a0\u00a0<strong>EPSON Polska<\/strong><\/em><\/p>\n<p><em>Producent \u2013 Systemy AV:\u00a0\u00a0\u00a0<strong>EDBAK Sp. z o.o.<\/strong><\/em><\/p>\n<p><em>Producent\u00a0<\/em><strong><em>\u2013<\/em><\/strong><em>\u00a0Druk Laserowy: \u00a0\u00a0<strong>XEROX\u00a0Polska<\/strong><\/em><\/p>\n<p><em>Producent\u00a0<\/em><strong><em>\u2013<\/em><\/strong><em>\u00a0Druk Atramentowy: \u00a0\u00a0<strong>EPSON\u00a0Polska<\/strong><\/em><\/p>\n<p><em>Producent\u00a0<\/em><strong><em>\u2013<\/em><\/strong><em>\u00a0Materia\u0142y Eksploatacyjne: \u00a0\u00a0<strong>Activejet<\/strong><\/em><\/p>\n<p><em>Chmura Roku:\u00a0\u00a0\u00a0<strong>ORACLE Polska<\/strong><\/em><\/p>\n<p><em>Dostawca Chmury dla M\u015aP:\u00a0\u00a0\u00a0<strong>ENGAVE S.A.<\/strong><\/em><\/p>\n<p><em>Chmura Dystrybutora: \u00a0\u00a0<strong>AB S.A.<\/strong><\/em><\/p>\n<p><em>Rozwi\u0105zania IT dla M\u015aP<\/em><em>:\u00a0\u00a0\u00a0<\/em><strong><em>Dell EMC Polska<\/em><\/strong><\/p>\n<p><em>Oprogramowanie dla M\u015aP:\u00a0\u00a0\u00a0<strong>INSERT S.A.<\/strong><\/em><\/p>\n<p><em>Serwis Producencki:\u00a0\u00a0\u00a0<strong>XEROX Polska<\/strong><\/em><\/p>\n<p><strong><em>\u00a0<\/em><\/strong><\/p>\n<p><strong><em>\u00a0<\/em><\/strong><\/p>\n<p><img loading=\"lazy\" decoding=\"async\" class=\"aligncenter size-large wp-image-18561\" src=\"https:\/\/itreseller.pl\/wp-content\/uploads\/2018\/06\/ITChamp18-1024x635.jpg\" alt=\"\" width=\"1024\" height=\"635\" \/><\/p>\n<p>&nbsp;<\/p>\n<p><strong><em>\u00a0<\/em><\/strong><\/p>\n<p><strong><em>DYSTRYBUCJA I KANA\u0141 PARTNERSKI<\/em><\/strong><\/p>\n<p><em>\u00a0<\/em><\/p>\n<p><em>Dystrybutor Roku: \u00a0\u00a0<strong>ABC DATA S.A.<\/strong><\/em><\/p>\n<p><em>Dystrybutor z warto\u015bci\u0105 dodan\u0105 VAD: \u00a0\u00a0<strong>S4E S.A. Polska<\/strong><\/em><\/p>\n<p><em>Dystrybutor Specjalizowany: \u00a0\u00a0<strong>TECH DATA Polska<\/strong><\/em><\/p>\n<p><em>Centrum Szkole\u0144 i Edukacji IT: \u00a0\u00a0<strong>ACTION BUSINESS CENTER<\/strong><\/em><\/p>\n<p><em>Dyrektor Sprzeda\u017cy i Marketingu: \u00a0\u00a0<strong>Patrycja Gawarecka\u00a0<\/strong><\/em><strong><em>\u2013<\/em><\/strong><strong><em>\u00a0AB S.A.<\/em><\/strong><\/p>\n<p><em>Szef Kana\u0142u Partnerskiego: \u00a0\u00a0<\/em><strong><em>Piotr \u0141aszczewski \u2013 IBM Polska\u00a0<\/em><\/strong><\/p>\n<p><em>Dyrektor Sprzeda\u017cy \/ Szef Kana\u0142u Partnerskiego:\u00a0\u00a0\u00a0<\/em><strong><em>Marcin Ruci\u0144ski \u2013\u00a0<\/em><\/strong><strong><em>TECH DATA Polska<\/em><\/strong><\/p>\n<p><em>Program Partnerski:\u00a0\u00a0\u00a0<strong>HP Inc Polska<\/strong><\/em><\/p>\n<p><em>\u00a0<\/em><\/p>\n<p><em>\u00a0<\/em><\/p>\n<p><strong><em>NAGRODY SPECJALNE<\/em><\/strong><\/p>\n<p><em>Wydarzenie roku \u2013 Intel Extreme Masters 2018: \u00a0\u00a0<strong>Intel Technology Poland \u00a0&amp;\u00a0 ESL Polska<\/strong><\/em><\/p>\n<p><em>Wdro\u017cenie roku:\u00a0\u00a0\u00a0<strong>M4B S.A.<\/strong><\/em><\/p>\n<p><strong><em>\u00a0<\/em><\/strong><\/p>\n<p><strong><em>\u00a0<\/em><\/strong><\/p>\n<p><strong><em>NAGRODY SPECJALNE OD REDAKCJI<\/em><\/strong><\/p>\n<p><em>\u00a0<\/em><\/p>\n<p><em>Dzia\u0142alno\u015b\u0107 na rzecz bran\u017cy:\u00a0\u00a0\u00a0<strong>Micha\u0142 Kanownik<\/strong><\/em><\/p>\n<p><em>Osobowo\u015b\u0107 Bran\u017cy IT:\u00a0\u00a0\u00a0<strong>Jaros\u0142aw Le\u015bniewski\u00a0<\/strong><\/em><strong><em>\u2013 M4B S.A.<\/em><\/strong><\/p>\n<p><em>Osobowo\u015b\u0107 Bran\u017cy IT:\u00a0\u00a0\u00a0<strong>Andrzej Sowi\u0144ski \u2013 Lenovo Poland<\/strong><\/em><\/p>\n<p><em>Osobowo\u015b\u0107 Bran\u017cy IT:\u00a0\u00a0\u00a0<strong>Krzysztof Jonak \u2013 Intel Technology Poland<\/strong><\/em><\/p>\n<p>&nbsp;<\/p>\n<p><em>Nagroda Specjalne Redakcji IT Reseller:\u00a0\u00a0\u00a0<strong>Zarz\u0105d ACTION S.A.<\/strong><\/em><\/p>\n<p><em>Nagroda Specjalne Redakcji IT Reseller:\u00a0\u00a0\u00a0<strong>Zarz\u0105d AB S.A.<\/strong><\/em><\/p>\n<p><strong><em>\u00a0<\/em><\/strong><\/p>\n<p>&nbsp;<\/p>\n<blockquote><p><em>\u201eW imieniu swoim oraz ca\u0142ej redakcji chcia\u0142bym raz jeszcze, bardzo serdecznie podzi\u0119kowa\u0107 za tak liczne przybycie a laureatom pogratulowa\u0107 zwyci\u0119stwa! To by\u0142 wielki zaszczyt podejmowa\u0107 tak znakomitych go\u015bci, bez w\u0105tpienia elit\u0119 bran\u017cy IT.\u00a0<\/em>Dzi\u0119kuj\u0119 za przybycie, obecno\u015b\u0107, spotkanie i mo\u017cliwo\u015b\u0107 rozmowy w nieformalnej atmosferze. Wszystkim zwyci\u0119zcom bardzo serdecznie gratuluj\u0119 i \u017cycz\u0119 wielu, kolejnych sukces\u00f3w!\u00a0<em>Do zobaczenia za rok!\u201d \u2013\u00a0<\/em><em><strong>Mariusz Laurisz, wydawca magazynu IT Reseller oraz redaktor naczelny portali IT Reseller oraz Biznes IT.<\/strong><\/em><\/p><\/blockquote>\n<p>[\/vc_column_text][\/vc_column][vc_column width=&#8221;1\/4&#8243;][vc_widget_sidebar sidebar_id=&#8221;content-bottom&#8221; el_class=&#8221;postid-13035&#8243;][\/vc_column][\/vc_row]<\/p>\n","protected":false},"excerpt":{"rendered":"<p>[vc_section full_width=&#8221;stretch_row&#8221; full_height=&#8221;yes&#8221; css=&#8221;.vc_custom_1615327978919{margin-bottom: 40px !important;background-image: url(https:\/\/itreseller.pl\/itchampions\/wp-content\/uploads\/2021\/03\/ITC18-01.jpg?id=13211) !important;background-position: center !important;background-repeat: no-repeat !important;background-size: cover !important;}&#8221;][\/vc_section][vc_row el_class=&#8221;edgtf-sidebar&#8221;][vc_column width=&#8221;3\/4&#8243;][vc_empty_space height=&#8221;10px&#8221;][vc_column_text]Gala IT CHAMPIONS 2018 \u2013 MISTRZOWIE NOWYCH TECHNOLOGII ponownie odby\u0142a si\u0119 w warszawskiej Hard Rock Cafe, podczas kt\u00f3rej w imieniu ca\u0142ej bran\u017cy, mieli\u015bmy wielk\u0105 przyjemno\u015b\u0107 uhonorowa\u0107 najlepszych w bran\u017cy&#8230;<\/p>\n","protected":false},"author":1,"featured_media":0,"parent":0,"menu_order":0,"comment_status":"closed","ping_status":"closed","template":"","meta":{"footnotes":""},"class_list":["post-13182","page","type-page","status-publish","hentry"],"yoast_head":"<!-- This site is optimized with the Yoast SEO plugin v20.5 - https:\/\/yoast.com\/wordpress\/plugins\/seo\/ -->\n<title>IT CHAMPIONS 2018 - ITChampions<\/title>\n<meta name=\"robots\" content=\"index, follow, max-snippet:-1, max-image-preview:large, max-video-preview:-1\" \/>\n<link rel=\"canonical\" href=\"https:\/\/itreseller.pl\/itchampions\/it-champions-2018\/\" \/>\n<meta property=\"og:locale\" content=\"pl_PL\" \/>\n<meta property=\"og:type\" content=\"article\" \/>\n<meta property=\"og:title\" content=\"IT CHAMPIONS 2018 - ITChampions\" \/>\n<meta property=\"og:description\" content=\"[vc_section full_width=&#8221;stretch_row&#8221; full_height=&#8221;yes&#8221; css=&#8221;.vc_custom_1615327978919{margin-bottom: 40px !important;background-image: url(https:\/\/itreseller.pl\/itchampions\/wp-content\/uploads\/2021\/03\/ITC18-01.jpg?id=13211) !important;background-position: center !important;background-repeat: no-repeat !important;background-size: cover !important;}&#8221;][\/vc_section][vc_row el_class=&#8221;edgtf-sidebar&#8221;][vc_column width=&#8221;3\/4&#8243;][vc_empty_space height=&#8221;10px&#8221;][vc_column_text]Gala IT CHAMPIONS 2018 \u2013 MISTRZOWIE NOWYCH TECHNOLOGII ponownie odby\u0142a si\u0119 w warszawskiej Hard Rock Cafe, podczas kt\u00f3rej w imieniu ca\u0142ej bran\u017cy, mieli\u015bmy wielk\u0105 przyjemno\u015b\u0107 uhonorowa\u0107 najlepszych w bran\u017cy...\" \/>\n<meta property=\"og:url\" content=\"https:\/\/itreseller.pl\/itchampions\/it-champions-2018\/\" \/>\n<meta property=\"og:site_name\" content=\"ITChampions\" \/>\n<meta property=\"article:modified_time\" content=\"2021-03-10T17:35:58+00:00\" \/>\n<meta property=\"og:image\" content=\"https:\/\/itreseller.pl\/wp-content\/uploads\/2018\/06\/ITC18-01-1024x694.jpg\" \/>\n<meta name=\"twitter:card\" content=\"summary_large_image\" \/>\n<meta name=\"twitter:label1\" content=\"Szacowany czas czytania\" \/>\n\t<meta name=\"twitter:data1\" content=\"4 minuty\" \/>\n<script type=\"application\/ld+json\" class=\"yoast-schema-graph\">{\"@context\":\"https:\/\/schema.org\",\"@graph\":[{\"@type\":\"WebPage\",\"@id\":\"https:\/\/itreseller.pl\/itchampions\/it-champions-2018\/\",\"url\":\"https:\/\/itreseller.pl\/itchampions\/it-champions-2018\/\",\"name\":\"IT CHAMPIONS 2018 - ITChampions\",\"isPartOf\":{\"@id\":\"https:\/\/itreseller.pl\/itchampions\/#website\"},\"datePublished\":\"2021-03-09T21:39:04+00:00\",\"dateModified\":\"2021-03-10T17:35:58+00:00\",\"breadcrumb\":{\"@id\":\"https:\/\/itreseller.pl\/itchampions\/it-champions-2018\/#breadcrumb\"},\"inLanguage\":\"pl-PL\",\"potentialAction\":[{\"@type\":\"ReadAction\",\"target\":[\"https:\/\/itreseller.pl\/itchampions\/it-champions-2018\/\"]}]},{\"@type\":\"BreadcrumbList\",\"@id\":\"https:\/\/itreseller.pl\/itchampions\/it-champions-2018\/#breadcrumb\",\"itemListElement\":[{\"@type\":\"ListItem\",\"position\":1,\"name\":\"Strona g\u0142\u00f3wna\",\"item\":\"https:\/\/itreseller.pl\/itchampions\/\"},{\"@type\":\"ListItem\",\"position\":2,\"name\":\"IT CHAMPIONS 2018\"}]},{\"@type\":\"WebSite\",\"@id\":\"https:\/\/itreseller.pl\/itchampions\/#website\",\"url\":\"https:\/\/itreseller.pl\/itchampions\/\",\"name\":\"ITChampions\",\"description\":\"Mistrzowie nowych technologii\",\"potentialAction\":[{\"@type\":\"SearchAction\",\"target\":{\"@type\":\"EntryPoint\",\"urlTemplate\":\"https:\/\/itreseller.pl\/itchampions\/?s={search_term_string}\"},\"query-input\":\"required name=search_term_string\"}],\"inLanguage\":\"pl-PL\"}]}<\/script>\n<!-- \/ Yoast SEO plugin. -->","yoast_head_json":{"title":"IT CHAMPIONS 2018 - ITChampions","robots":{"index":"index","follow":"follow","max-snippet":"max-snippet:-1","max-image-preview":"max-image-preview:large","max-video-preview":"max-video-preview:-1"},"canonical":"https:\/\/itreseller.pl\/itchampions\/it-champions-2018\/","og_locale":"pl_PL","og_type":"article","og_title":"IT CHAMPIONS 2018 - ITChampions","og_description":"[vc_section full_width=&#8221;stretch_row&#8221; full_height=&#8221;yes&#8221; css=&#8221;.vc_custom_1615327978919{margin-bottom: 40px !important;background-image: url(https:\/\/itreseller.pl\/itchampions\/wp-content\/uploads\/2021\/03\/ITC18-01.jpg?id=13211) !important;background-position: center !important;background-repeat: no-repeat !important;background-size: cover !important;}&#8221;][\/vc_section][vc_row el_class=&#8221;edgtf-sidebar&#8221;][vc_column width=&#8221;3\/4&#8243;][vc_empty_space height=&#8221;10px&#8221;][vc_column_text]Gala IT CHAMPIONS 2018 \u2013 MISTRZOWIE NOWYCH TECHNOLOGII ponownie odby\u0142a si\u0119 w warszawskiej Hard Rock Cafe, podczas kt\u00f3rej w imieniu ca\u0142ej bran\u017cy, mieli\u015bmy wielk\u0105 przyjemno\u015b\u0107 uhonorowa\u0107 najlepszych w bran\u017cy...","og_url":"https:\/\/itreseller.pl\/itchampions\/it-champions-2018\/","og_site_name":"ITChampions","article_modified_time":"2021-03-10T17:35:58+00:00","og_image":[{"url":"https:\/\/itreseller.pl\/wp-content\/uploads\/2018\/06\/ITC18-01-1024x694.jpg"}],"twitter_card":"summary_large_image","twitter_misc":{"Szacowany czas czytania":"4 minuty"},"schema":{"@context":"https:\/\/schema.org","@graph":[{"@type":"WebPage","@id":"https:\/\/itreseller.pl\/itchampions\/it-champions-2018\/","url":"https:\/\/itreseller.pl\/itchampions\/it-champions-2018\/","name":"IT CHAMPIONS 2018 - ITChampions","isPartOf":{"@id":"https:\/\/itreseller.pl\/itchampions\/#website"},"datePublished":"2021-03-09T21:39:04+00:00","dateModified":"2021-03-10T17:35:58+00:00","breadcrumb":{"@id":"https:\/\/itreseller.pl\/itchampions\/it-champions-2018\/#breadcrumb"},"inLanguage":"pl-PL","potentialAction":[{"@type":"ReadAction","target":["https:\/\/itreseller.pl\/itchampions\/it-champions-2018\/"]}]},{"@type":"BreadcrumbList","@id":"https:\/\/itreseller.pl\/itchampions\/it-champions-2018\/#breadcrumb","itemListElement":[{"@type":"ListItem","position":1,"name":"Strona g\u0142\u00f3wna","item":"https:\/\/itreseller.pl\/itchampions\/"},{"@type":"ListItem","position":2,"name":"IT CHAMPIONS 2018"}]},{"@type":"WebSite","@id":"https:\/\/itreseller.pl\/itchampions\/#website","url":"https:\/\/itreseller.pl\/itchampions\/","name":"ITChampions","description":"Mistrzowie nowych technologii","potentialAction":[{"@type":"SearchAction","target":{"@type":"EntryPoint","urlTemplate":"https:\/\/itreseller.pl\/itchampions\/?s={search_term_string}"},"query-input":"required name=search_term_string"}],"inLanguage":"pl-PL"}]}},"_links":{"self":[{"href":"https:\/\/itreseller.pl\/itchampions\/wp-json\/wp\/v2\/pages\/13182","targetHints":{"allow":["GET"]}}],"collection":[{"href":"https:\/\/itreseller.pl\/itchampions\/wp-json\/wp\/v2\/pages"}],"about":[{"href":"https:\/\/itreseller.pl\/itchampions\/wp-json\/wp\/v2\/types\/page"}],"author":[{"embeddable":true,"href":"https:\/\/itreseller.pl\/itchampions\/wp-json\/wp\/v2\/users\/1"}],"replies":[{"embeddable":true,"href":"https:\/\/itreseller.pl\/itchampions\/wp-json\/wp\/v2\/comments?post=13182"}],"version-history":[{"count":9,"href":"https:\/\/itreseller.pl\/itchampions\/wp-json\/wp\/v2\/pages\/13182\/revisions"}],"predecessor-version":[{"id":13229,"href":"https:\/\/itreseller.pl\/itchampions\/wp-json\/wp\/v2\/pages\/13182\/revisions\/13229"}],"wp:attachment":[{"href":"https:\/\/itreseller.pl\/itchampions\/wp-json\/wp\/v2\/media?parent=13182"}],"curies":[{"name":"wp","href":"https:\/\/api.w.org\/{rel}","templated":true}]}}