{"id":13482,"date":"2021-03-23T13:54:47","date_gmt":"2021-03-23T12:54:47","guid":{"rendered":"https:\/\/itreseller.com.pl\/itchampions\/?page_id=13482"},"modified":"2021-03-23T14:08:19","modified_gmt":"2021-03-23T13:08:19","slug":"regulamin","status":"publish","type":"page","link":"https:\/\/itreseller.pl\/itchampions\/regulamin\/","title":{"rendered":"Regulamin"},"content":{"rendered":"<p>[vc_section full_width=&#8221;stretch_row&#8221; full_height=&#8221;yes&#8221; content_placement=&#8221;middle&#8221; css=&#8221;.vc_custom_1616504321250{padding-top: 100px !important;}&#8221;][vc_row content_aligment=&#8221;center&#8221; css=&#8221;.vc_custom_1616504575054{margin-top: -80px !important;}&#8221;][vc_column el_class=&#8221;text-404&#8243;]<div class=\"edgtf-title-section-holder\">\n\t\t\t<h2 class=\"edgtf-title-with-dots\" style=\"color:#000000\">\n\t\t\t404\t\t<\/h2>\n\t\t<span class=\"edge-title-separator edge-enable-separator\" ><\/span>\n\n\t\t\t\t<h6 class=\"edgtf-section-subtitle\" style=\"color:#000000;font-size: 20px\">Strona kt\u00f3rej szukasz nie dzia\u0142a, lub zosta\u0142a usuni\u0119ta<\/h6>\n\t<\/div>[vc_empty_space height=&#8221;40px&#8221;]<a href=\"https:\/\/itreseller.pl\/itchampions\/\" target=\"_self\" style=\"font-weight: 600\" class=\"edgtf-btn edgtf-btn-medium edgtf-btn-solid btn-404\"  >\n\t<span class=\"edgtf-btn-text\">Wr\u00f3\u0107 do strony g\u0142\u00f3wnej<\/span>\n    <\/a>[\/vc_column][\/vc_row][\/vc_section]<\/p>\n","protected":false},"excerpt":{"rendered":"<p>[vc_section full_width=&#8221;stretch_row&#8221; full_height=&#8221;yes&#8221; content_placement=&#8221;middle&#8221; css=&#8221;.vc_custom_1616504321250{padding-top: 100px !important;}&#8221;][vc_row content_aligment=&#8221;center&#8221; css=&#8221;.vc_custom_1616504575054{margin-top: -80px !important;}&#8221;][vc_column el_class=&#8221;text-404&#8243;][vc_empty_space height=&#8221;40px&#8221;][\/vc_column][\/vc_row][\/vc_section]<\/p>\n","protected":false},"author":1,"featured_media":0,"parent":0,"menu_order":0,"comment_status":"closed","ping_status":"closed","template":"","meta":{"footnotes":""},"class_list":["post-13482","page","type-page","status-publish","hentry"],"yoast_head":"<!-- This site is optimized with the Yoast SEO plugin v20.5 - https:\/\/yoast.com\/wordpress\/plugins\/seo\/ -->\n<title>Regulamin - ITChampions<\/title>\n<meta name=\"robots\" content=\"index, follow, max-snippet:-1, max-image-preview:large, max-video-preview:-1\" \/>\n<link rel=\"canonical\" href=\"https:\/\/itreseller.pl\/itchampions\/regulamin\/\" \/>\n<meta property=\"og:locale\" content=\"pl_PL\" \/>\n<meta property=\"og:type\" content=\"article\" \/>\n<meta property=\"og:title\" content=\"Regulamin - ITChampions\" \/>\n<meta property=\"og:description\" content=\"[vc_section full_width=&#8221;stretch_row&#8221; full_height=&#8221;yes&#8221; content_placement=&#8221;middle&#8221; css=&#8221;.vc_custom_1616504321250{padding-top: 100px !important;}&#8221;][vc_row content_aligment=&#8221;center&#8221; css=&#8221;.vc_custom_1616504575054{margin-top: -80px !important;}&#8221;][vc_column el_class=&#8221;text-404&#8243;][vc_empty_space height=&#8221;40px&#8221;][\/vc_column][\/vc_row][\/vc_section]\" \/>\n<meta property=\"og:url\" content=\"https:\/\/itreseller.pl\/itchampions\/regulamin\/\" \/>\n<meta property=\"og:site_name\" content=\"ITChampions\" \/>\n<meta property=\"article:modified_time\" content=\"2021-03-23T13:08:19+00:00\" \/>\n<meta name=\"twitter:card\" content=\"summary_large_image\" \/>\n<meta name=\"twitter:label1\" content=\"Szacowany czas czytania\" \/>\n\t<meta name=\"twitter:data1\" content=\"1 minuta\" \/>\n<script type=\"application\/ld+json\" class=\"yoast-schema-graph\">{\"@context\":\"https:\/\/schema.org\",\"@graph\":[{\"@type\":\"WebPage\",\"@id\":\"https:\/\/itreseller.pl\/itchampions\/regulamin\/\",\"url\":\"https:\/\/itreseller.pl\/itchampions\/regulamin\/\",\"name\":\"Regulamin - ITChampions\",\"isPartOf\":{\"@id\":\"https:\/\/itreseller.pl\/itchampions\/#website\"},\"datePublished\":\"2021-03-23T12:54:47+00:00\",\"dateModified\":\"2021-03-23T13:08:19+00:00\",\"breadcrumb\":{\"@id\":\"https:\/\/itreseller.pl\/itchampions\/regulamin\/#breadcrumb\"},\"inLanguage\":\"pl-PL\",\"potentialAction\":[{\"@type\":\"ReadAction\",\"target\":[\"https:\/\/itreseller.pl\/itchampions\/regulamin\/\"]}]},{\"@type\":\"BreadcrumbList\",\"@id\":\"https:\/\/itreseller.pl\/itchampions\/regulamin\/#breadcrumb\",\"itemListElement\":[{\"@type\":\"ListItem\",\"position\":1,\"name\":\"Strona g\u0142\u00f3wna\",\"item\":\"https:\/\/itreseller.pl\/itchampions\/\"},{\"@type\":\"ListItem\",\"position\":2,\"name\":\"Regulamin\"}]},{\"@type\":\"WebSite\",\"@id\":\"https:\/\/itreseller.pl\/itchampions\/#website\",\"url\":\"https:\/\/itreseller.pl\/itchampions\/\",\"name\":\"ITChampions\",\"description\":\"Mistrzowie nowych technologii\",\"potentialAction\":[{\"@type\":\"SearchAction\",\"target\":{\"@type\":\"EntryPoint\",\"urlTemplate\":\"https:\/\/itreseller.pl\/itchampions\/?s={search_term_string}\"},\"query-input\":\"required name=search_term_string\"}],\"inLanguage\":\"pl-PL\"}]}<\/script>\n<!-- \/ Yoast SEO plugin. -->","yoast_head_json":{"title":"Regulamin - ITChampions","robots":{"index":"index","follow":"follow","max-snippet":"max-snippet:-1","max-image-preview":"max-image-preview:large","max-video-preview":"max-video-preview:-1"},"canonical":"https:\/\/itreseller.pl\/itchampions\/regulamin\/","og_locale":"pl_PL","og_type":"article","og_title":"Regulamin - ITChampions","og_description":"[vc_section full_width=&#8221;stretch_row&#8221; full_height=&#8221;yes&#8221; content_placement=&#8221;middle&#8221; css=&#8221;.vc_custom_1616504321250{padding-top: 100px !important;}&#8221;][vc_row content_aligment=&#8221;center&#8221; css=&#8221;.vc_custom_1616504575054{margin-top: -80px !important;}&#8221;][vc_column el_class=&#8221;text-404&#8243;][vc_empty_space height=&#8221;40px&#8221;][\/vc_column][\/vc_row][\/vc_section]","og_url":"https:\/\/itreseller.pl\/itchampions\/regulamin\/","og_site_name":"ITChampions","article_modified_time":"2021-03-23T13:08:19+00:00","twitter_card":"summary_large_image","twitter_misc":{"Szacowany czas czytania":"1 minuta"},"schema":{"@context":"https:\/\/schema.org","@graph":[{"@type":"WebPage","@id":"https:\/\/itreseller.pl\/itchampions\/regulamin\/","url":"https:\/\/itreseller.pl\/itchampions\/regulamin\/","name":"Regulamin - ITChampions","isPartOf":{"@id":"https:\/\/itreseller.pl\/itchampions\/#website"},"datePublished":"2021-03-23T12:54:47+00:00","dateModified":"2021-03-23T13:08:19+00:00","breadcrumb":{"@id":"https:\/\/itreseller.pl\/itchampions\/regulamin\/#breadcrumb"},"inLanguage":"pl-PL","potentialAction":[{"@type":"ReadAction","target":["https:\/\/itreseller.pl\/itchampions\/regulamin\/"]}]},{"@type":"BreadcrumbList","@id":"https:\/\/itreseller.pl\/itchampions\/regulamin\/#breadcrumb","itemListElement":[{"@type":"ListItem","position":1,"name":"Strona g\u0142\u00f3wna","item":"https:\/\/itreseller.pl\/itchampions\/"},{"@type":"ListItem","position":2,"name":"Regulamin"}]},{"@type":"WebSite","@id":"https:\/\/itreseller.pl\/itchampions\/#website","url":"https:\/\/itreseller.pl\/itchampions\/","name":"ITChampions","description":"Mistrzowie nowych technologii","potentialAction":[{"@type":"SearchAction","target":{"@type":"EntryPoint","urlTemplate":"https:\/\/itreseller.pl\/itchampions\/?s={search_term_string}"},"query-input":"required name=search_term_string"}],"inLanguage":"pl-PL"}]}},"_links":{"self":[{"href":"https:\/\/itreseller.pl\/itchampions\/wp-json\/wp\/v2\/pages\/13482","targetHints":{"allow":["GET"]}}],"collection":[{"href":"https:\/\/itreseller.pl\/itchampions\/wp-json\/wp\/v2\/pages"}],"about":[{"href":"https:\/\/itreseller.pl\/itchampions\/wp-json\/wp\/v2\/types\/page"}],"author":[{"embeddable":true,"href":"https:\/\/itreseller.pl\/itchampions\/wp-json\/wp\/v2\/users\/1"}],"replies":[{"embeddable":true,"href":"https:\/\/itreseller.pl\/itchampions\/wp-json\/wp\/v2\/comments?post=13482"}],"version-history":[{"count":12,"href":"https:\/\/itreseller.pl\/itchampions\/wp-json\/wp\/v2\/pages\/13482\/revisions"}],"predecessor-version":[{"id":13496,"href":"https:\/\/itreseller.pl\/itchampions\/wp-json\/wp\/v2\/pages\/13482\/revisions\/13496"}],"wp:attachment":[{"href":"https:\/\/itreseller.pl\/itchampions\/wp-json\/wp\/v2\/media?parent=13482"}],"curies":[{"name":"wp","href":"https:\/\/api.w.org\/{rel}","templated":true}]}}